{"id":68464,"date":"2026-04-18T11:12:16","date_gmt":"2026-04-18T09:12:16","guid":{"rendered":"https:\/\/fromsunwithlove.com\/?post_type=product&#038;p=68464"},"modified":"2026-04-18T11:22:03","modified_gmt":"2026-04-18T09:22:03","slug":"gorro-upf50-reversible-color-liso-verde-y-marron","status":"publish","type":"product","link":"https:\/\/fromsunwithlove.com\/en\/product\/gorro-upf50-reversible-color-liso-verde-y-marron\/","title":{"rendered":"Gorro UPF50+ reversible color liso verde y marr\u00f3n"},"content":{"rendered":"","protected":false},"excerpt":{"rendered":"<p>[cg_accordion title=\"\u00bfC\u00f3mo soy?\"] Ligero, transpirable y ultra c\u00f3modo, nuestro gorro UPF50+ te protege del sol sin generar calor ni sensaci\u00f3n de peso. Es resistente al agua, por lo que puedes ba\u00f1arte con \u00e9l sin preocupaciones.<\/p>\n<p class=\"\" data-start=\"384\" data-end=\"602\">Dise\u00f1ado para la m\u00e1xima funcionalidad, es <strong data-start=\"426\" data-end=\"455\">reversible en dos colores<\/strong>, d\u00e1ndote <strong data-start=\"465\" data-end=\"485\">dos looks en uno<\/strong>. Su solapa tiene el tama\u00f1o ideal para proteger tu rostro sin comprometer la visibilidad y se pliega con facilidad.<\/p>\n<p class=\"\" data-start=\"604\" data-end=\"790\">Gracias a su ligera elasticidad, se ajusta perfectamente a la cabeza sin riesgo de que se vuele. Adem\u00e1s, su dise\u00f1o plegable permite guardarlo c\u00f3modamente en cualquier bolso o bolsillo.<\/p>\n<p class=\"\" data-start=\"792\" data-end=\"918\">Incluye una <strong data-start=\"804\" data-end=\"826\">bolsa anti-humedad<\/strong>, perfecta para transportarlo sin preocupaciones, incluso junto a tu ropa de playa mojada. Para un ajuste perfecto, col\u00f3cate el gorro con la costura hacia atr\u00e1s. [\/cg_accordion][cg_accordion title=\"Superpoderes\"]<\/p>\n<p>&nbsp;<\/p>\n<p><a href=\"https:\/\/fromsunwithlove.com\/wp-content\/uploads\/2025\/03\/sostenibilidad-FSWL-ECO.svg\"><img fetchpriority=\"high\" decoding=\"async\" class=\"alignnone wp-image-31558 \" role=\"img\" src=\"https:\/\/fromsunwithlove.com\/wp-content\/uploads\/2025\/03\/sostenibilidad-FSWL-ECO.svg\" alt=\"CARACTERISTICS TECNICAS\" width=\"200\" height=\"519\" \/><\/a><\/p>\n<p class=\"p1\">\u2022 Composici\u00f3n: 79% Micro poliamida reciclada ECONYL\u00ae 21% Elast\u00e1n. <b>Econyl<\/b>\u00ae es\u00a0100% fibra de nailon regenerada a partir de redes de pesca y otros residuos de nailon.<\/p>\n<p class=\"p1\">\u2022 Certificado con la\u00a0<b>m\u00e1xima protecci\u00f3n UV UPF50+<\/b>\u00a0(AS\/NZS 4399:2017). Bloquea m\u00e1s del 98% de los rayos solares UVA y UVB. La protecci\u00f3n no se va con los lavados ni el uso, ya que es intr\u00ednseca a sus fibras y a c\u00f3mo est\u00e1 tejido.<\/p>\n<p class=\"p1\">\u2022<b> Hecho en Espa\u00f1a<\/b>\u00a0de forma responsable y sostenible.<\/p>\n<p class=\"p1\">\u2022 Certificado Oeko-Tex\u00ae Textil de confianza y Global Recycled Standard\u00ae.<\/p>\n<p class=\"p1\"><img decoding=\"async\" class=\"alignnone wp-image-29308 size-medium\" src=\"https:\/\/fromsunwithlove.com\/wp-content\/uploads\/2024\/11\/sellos-calidad-textil-300x63.webp\" alt=\"sellos calidad textil certificada\" width=\"300\" height=\"63\" srcset=\"https:\/\/fromsunwithlove.com\/wp-content\/uploads\/2024\/11\/sellos-calidad-textil-300x63.webp 300w, https:\/\/fromsunwithlove.com\/wp-content\/uploads\/2024\/11\/sellos-calidad-textil-1024x216.webp 1024w, https:\/\/fromsunwithlove.com\/wp-content\/uploads\/2024\/11\/sellos-calidad-textil-768x162.webp 768w, https:\/\/fromsunwithlove.com\/wp-content\/uploads\/2024\/11\/sellos-calidad-textil-990x209.webp 990w, https:\/\/fromsunwithlove.com\/wp-content\/uploads\/2024\/11\/sellos-calidad-textil-441x93.webp 441w, https:\/\/fromsunwithlove.com\/wp-content\/uploads\/2024\/11\/sellos-calidad-textil-800x169.webp 800w, https:\/\/fromsunwithlove.com\/wp-content\/uploads\/2024\/11\/sellos-calidad-textil-150x32.webp 150w, https:\/\/fromsunwithlove.com\/wp-content\/uploads\/2024\/11\/sellos-calidad-textil.webp 1060w\" sizes=\"(max-width: 300px) 100vw, 300px\" \/><\/p>\n<p class=\"p1\">[\/cg_accordion][cg_accordion title=\"\u00bfC\u00f3mo cuidarme?\"]Lavar a mano con agua fr\u00eda y jab\u00f3n neutro. Evitar frotar o doblar la solapa. Los colores son resistentes al cloro, pero si el gorro se moja en la piscina o el mar, enjuagar con agua limpia y dejar secar al aire. No guardar h\u00famedo ni dejar en contacto con otras prendas de color mientras est\u00e9 mojado.[\/cg_accordion]<\/p>\n","protected":false},"featured_media":68450,"template":"","meta":[],"product_brand":[],"product_cat":[331,436,97,16,390],"product_tag":[],"class_list":{"0":"post-68464","1":"product","2":"type-product","3":"status-publish","4":"has-post-thumbnail","6":"product_cat-colores-lisos","7":"product_cat-dia-de-la-madre","8":"product_cat-gorros-y-accesorios-upf50","9":"product_cat-moda-mujer-upf50","10":"product_cat-nuevo","12":"first","13":"instock","14":"taxable","15":"shipping-taxable","16":"purchasable","17":"product-type-variable"},"yoast_head":"<!-- This site is optimized with the Yoast SEO plugin v27.3 - https:\/\/yoast.com\/product\/yoast-seo-wordpress\/ -->\n<title>Gorro UPF50+ reversible color liso verde y marr\u00f3n - FromSunWithLove<\/title>\n<meta name=\"description\" content=\"Gorro reversible UPF50+ verde y amarillo: ligero, transpirable y resistente al agua, con solapa plegable y ajuste perfecto para m\u00e1xima protecci\u00f3n solar.\" \/>\n<meta name=\"robots\" content=\"index, follow, max-snippet:-1, max-image-preview:large, max-video-preview:-1\" \/>\n<link rel=\"canonical\" href=\"https:\/\/fromsunwithlove.com\/en\/product\/gorro-upf50-reversible-color-liso-verde-y-marron\/\" \/>\n<meta property=\"og:locale\" content=\"en_US\" \/>\n<meta property=\"og:type\" content=\"article\" \/>\n<meta property=\"og:title\" content=\"Gorro UPF50+ reversible color liso verde y marr\u00f3n - FromSunWithLove\" \/>\n<meta property=\"og:description\" content=\"Gorro reversible UPF50+ verde y amarillo: ligero, transpirable y resistente al agua, con solapa plegable y ajuste perfecto para m\u00e1xima protecci\u00f3n solar.\" \/>\n<meta property=\"og:url\" content=\"https:\/\/fromsunwithlove.com\/en\/product\/gorro-upf50-reversible-color-liso-verde-y-marron\/\" \/>\n<meta property=\"og:site_name\" content=\"FromSunWithLove\" \/>\n<meta property=\"article:publisher\" content=\"https:\/\/www.facebook.com\/fromsunwithlove\/\" \/>\n<meta property=\"article:modified_time\" content=\"2026-04-18T09:22:03+00:00\" \/>\n<meta property=\"og:image\" content=\"https:\/\/fromsunwithlove.com\/wp-content\/uploads\/2024\/07\/GORRO_bucket_UPF50_liso-verde-marron-fromsunwithlove2.webp\" \/>\n\t<meta property=\"og:image:width\" content=\"1667\" \/>\n\t<meta property=\"og:image:height\" content=\"2500\" \/>\n\t<meta property=\"og:image:type\" content=\"image\/webp\" \/>\n<meta name=\"twitter:card\" content=\"summary_large_image\" \/>\n<meta name=\"twitter:label1\" content=\"Est. reading time\" \/>\n\t<meta name=\"twitter:data1\" content=\"1 minute\" \/>\n<script type=\"application\/ld+json\" class=\"yoast-schema-graph\">{\"@context\":\"https:\\\/\\\/schema.org\",\"@graph\":[{\"@type\":\"WebPage\",\"@id\":\"https:\\\/\\\/fromsunwithlove.com\\\/en\\\/product\\\/gorro-upf50-reversible-color-liso-verde-y-marron\\\/\",\"url\":\"https:\\\/\\\/fromsunwithlove.com\\\/en\\\/product\\\/gorro-upf50-reversible-color-liso-verde-y-marron\\\/\",\"name\":\"Gorro UPF50+ reversible color liso verde y marr\u00f3n - FromSunWithLove\",\"isPartOf\":{\"@id\":\"https:\\\/\\\/fromsunwithlove.com\\\/en\\\/#website\"},\"primaryImageOfPage\":{\"@id\":\"https:\\\/\\\/fromsunwithlove.com\\\/en\\\/product\\\/gorro-upf50-reversible-color-liso-verde-y-marron\\\/#primaryimage\"},\"image\":{\"@id\":\"https:\\\/\\\/fromsunwithlove.com\\\/en\\\/product\\\/gorro-upf50-reversible-color-liso-verde-y-marron\\\/#primaryimage\"},\"thumbnailUrl\":\"https:\\\/\\\/fromsunwithlove.com\\\/wp-content\\\/uploads\\\/2024\\\/07\\\/GORRO_bucket_UPF50_liso-verde-marron-fromsunwithlove2.webp\",\"datePublished\":\"2026-04-18T09:12:16+00:00\",\"dateModified\":\"2026-04-18T09:22:03+00:00\",\"description\":\"Gorro reversible UPF50+ verde y amarillo: ligero, transpirable y resistente al agua, con solapa plegable y ajuste perfecto para m\u00e1xima protecci\u00f3n solar.\",\"breadcrumb\":{\"@id\":\"https:\\\/\\\/fromsunwithlove.com\\\/en\\\/product\\\/gorro-upf50-reversible-color-liso-verde-y-marron\\\/#breadcrumb\"},\"inLanguage\":\"en-US\",\"potentialAction\":[{\"@type\":\"ReadAction\",\"target\":[\"https:\\\/\\\/fromsunwithlove.com\\\/en\\\/product\\\/gorro-upf50-reversible-color-liso-verde-y-marron\\\/\"]}]},{\"@type\":\"ImageObject\",\"inLanguage\":\"en-US\",\"@id\":\"https:\\\/\\\/fromsunwithlove.com\\\/en\\\/product\\\/gorro-upf50-reversible-color-liso-verde-y-marron\\\/#primaryimage\",\"url\":\"https:\\\/\\\/fromsunwithlove.com\\\/wp-content\\\/uploads\\\/2024\\\/07\\\/GORRO_bucket_UPF50_liso-verde-marron-fromsunwithlove2.webp\",\"contentUrl\":\"https:\\\/\\\/fromsunwithlove.com\\\/wp-content\\\/uploads\\\/2024\\\/07\\\/GORRO_bucket_UPF50_liso-verde-marron-fromsunwithlove2.webp\",\"width\":1667,\"height\":2500,\"caption\":\"gorro upf50\"},{\"@type\":\"BreadcrumbList\",\"@id\":\"https:\\\/\\\/fromsunwithlove.com\\\/en\\\/product\\\/gorro-upf50-reversible-color-liso-verde-y-marron\\\/#breadcrumb\",\"itemListElement\":[{\"@type\":\"ListItem\",\"position\":1,\"name\":\"Portada\",\"item\":\"https:\\\/\\\/fromsunwithlove.com\\\/en\\\/fashion-with-upf50-sun-protection\\\/\"},{\"@type\":\"ListItem\",\"position\":2,\"name\":\"Sun protection clothing store\",\"item\":\"https:\\\/\\\/fromsunwithlove.com\\\/en\\\/shop-online\\\/\"},{\"@type\":\"ListItem\",\"position\":3,\"name\":\"Gorro UPF50+ reversible color liso verde y marr\u00f3n\"}]},{\"@type\":\"WebSite\",\"@id\":\"https:\\\/\\\/fromsunwithlove.com\\\/en\\\/#website\",\"url\":\"https:\\\/\\\/fromsunwithlove.com\\\/en\\\/\",\"name\":\"FromSunWithLove\",\"description\":\"Ropa de Protecci\u00f3n Solar para Ni\u00f1os y Mujer\",\"publisher\":{\"@id\":\"https:\\\/\\\/fromsunwithlove.com\\\/en\\\/#organization\"},\"potentialAction\":[{\"@type\":\"SearchAction\",\"target\":{\"@type\":\"EntryPoint\",\"urlTemplate\":\"https:\\\/\\\/fromsunwithlove.com\\\/en\\\/?s={search_term_string}\"},\"query-input\":{\"@type\":\"PropertyValueSpecification\",\"valueRequired\":true,\"valueName\":\"search_term_string\"}}],\"inLanguage\":\"en-US\"},{\"@type\":\"Organization\",\"@id\":\"https:\\\/\\\/fromsunwithlove.com\\\/en\\\/#organization\",\"name\":\"FROM SUN WITH LOVE\",\"url\":\"https:\\\/\\\/fromsunwithlove.com\\\/en\\\/\",\"logo\":{\"@type\":\"ImageObject\",\"inLanguage\":\"en-US\",\"@id\":\"https:\\\/\\\/fromsunwithlove.com\\\/en\\\/#\\\/schema\\\/logo\\\/image\\\/\",\"url\":\"https:\\\/\\\/fromsunwithlove.com\\\/wp-content\\\/uploads\\\/2019\\\/05\\\/LOGO-SVG-Expand@72x.svg\",\"contentUrl\":\"https:\\\/\\\/fromsunwithlove.com\\\/wp-content\\\/uploads\\\/2019\\\/05\\\/LOGO-SVG-Expand@72x.svg\",\"width\":716,\"height\":37,\"caption\":\"FROM SUN WITH LOVE\"},\"image\":{\"@id\":\"https:\\\/\\\/fromsunwithlove.com\\\/en\\\/#\\\/schema\\\/logo\\\/image\\\/\"},\"sameAs\":[\"https:\\\/\\\/www.facebook.com\\\/fromsunwithlove\\\/\",\"https:\\\/\\\/www.instagram.com\\\/fromsun_withlove\\\/\",\"https:\\\/\\\/www.linkedin.com\\\/in\\\/evazorzo\\\/\",\"https:\\\/\\\/www.pinterest.es\\\/FromSunWithLove\\\/\",\"https:\\\/\\\/www.youtube.com\\\/channel\\\/UCS_lI5TbbpdaQgLsf7TSzcg\"]}]}<\/script>\n<!-- \/ Yoast SEO plugin. -->","yoast_head_json":{"title":"Gorro UPF50+ reversible color liso verde y marr\u00f3n - FromSunWithLove","description":"Gorro reversible UPF50+ verde y amarillo: ligero, transpirable y resistente al agua, con solapa plegable y ajuste perfecto para m\u00e1xima protecci\u00f3n solar.","robots":{"index":"index","follow":"follow","max-snippet":"max-snippet:-1","max-image-preview":"max-image-preview:large","max-video-preview":"max-video-preview:-1"},"canonical":"https:\/\/fromsunwithlove.com\/en\/product\/gorro-upf50-reversible-color-liso-verde-y-marron\/","og_locale":"en_US","og_type":"article","og_title":"Gorro UPF50+ reversible color liso verde y marr\u00f3n - FromSunWithLove","og_description":"Gorro reversible UPF50+ verde y amarillo: ligero, transpirable y resistente al agua, con solapa plegable y ajuste perfecto para m\u00e1xima protecci\u00f3n solar.","og_url":"https:\/\/fromsunwithlove.com\/en\/product\/gorro-upf50-reversible-color-liso-verde-y-marron\/","og_site_name":"FromSunWithLove","article_publisher":"https:\/\/www.facebook.com\/fromsunwithlove\/","article_modified_time":"2026-04-18T09:22:03+00:00","og_image":[{"width":1667,"height":2500,"url":"https:\/\/fromsunwithlove.com\/wp-content\/uploads\/2024\/07\/GORRO_bucket_UPF50_liso-verde-marron-fromsunwithlove2.webp","type":"image\/webp"}],"twitter_card":"summary_large_image","twitter_misc":{"Est. reading time":"1 minute"},"schema":{"@context":"https:\/\/schema.org","@graph":[{"@type":"WebPage","@id":"https:\/\/fromsunwithlove.com\/en\/product\/gorro-upf50-reversible-color-liso-verde-y-marron\/","url":"https:\/\/fromsunwithlove.com\/en\/product\/gorro-upf50-reversible-color-liso-verde-y-marron\/","name":"Gorro UPF50+ reversible color liso verde y marr\u00f3n - FromSunWithLove","isPartOf":{"@id":"https:\/\/fromsunwithlove.com\/en\/#website"},"primaryImageOfPage":{"@id":"https:\/\/fromsunwithlove.com\/en\/product\/gorro-upf50-reversible-color-liso-verde-y-marron\/#primaryimage"},"image":{"@id":"https:\/\/fromsunwithlove.com\/en\/product\/gorro-upf50-reversible-color-liso-verde-y-marron\/#primaryimage"},"thumbnailUrl":"https:\/\/fromsunwithlove.com\/wp-content\/uploads\/2024\/07\/GORRO_bucket_UPF50_liso-verde-marron-fromsunwithlove2.webp","datePublished":"2026-04-18T09:12:16+00:00","dateModified":"2026-04-18T09:22:03+00:00","description":"Gorro reversible UPF50+ verde y amarillo: ligero, transpirable y resistente al agua, con solapa plegable y ajuste perfecto para m\u00e1xima protecci\u00f3n solar.","breadcrumb":{"@id":"https:\/\/fromsunwithlove.com\/en\/product\/gorro-upf50-reversible-color-liso-verde-y-marron\/#breadcrumb"},"inLanguage":"en-US","potentialAction":[{"@type":"ReadAction","target":["https:\/\/fromsunwithlove.com\/en\/product\/gorro-upf50-reversible-color-liso-verde-y-marron\/"]}]},{"@type":"ImageObject","inLanguage":"en-US","@id":"https:\/\/fromsunwithlove.com\/en\/product\/gorro-upf50-reversible-color-liso-verde-y-marron\/#primaryimage","url":"https:\/\/fromsunwithlove.com\/wp-content\/uploads\/2024\/07\/GORRO_bucket_UPF50_liso-verde-marron-fromsunwithlove2.webp","contentUrl":"https:\/\/fromsunwithlove.com\/wp-content\/uploads\/2024\/07\/GORRO_bucket_UPF50_liso-verde-marron-fromsunwithlove2.webp","width":1667,"height":2500,"caption":"gorro upf50"},{"@type":"BreadcrumbList","@id":"https:\/\/fromsunwithlove.com\/en\/product\/gorro-upf50-reversible-color-liso-verde-y-marron\/#breadcrumb","itemListElement":[{"@type":"ListItem","position":1,"name":"Portada","item":"https:\/\/fromsunwithlove.com\/en\/fashion-with-upf50-sun-protection\/"},{"@type":"ListItem","position":2,"name":"Sun protection clothing store","item":"https:\/\/fromsunwithlove.com\/en\/shop-online\/"},{"@type":"ListItem","position":3,"name":"Gorro UPF50+ reversible color liso verde y marr\u00f3n"}]},{"@type":"WebSite","@id":"https:\/\/fromsunwithlove.com\/en\/#website","url":"https:\/\/fromsunwithlove.com\/en\/","name":"FromSunWithLove","description":"Ropa de Protecci\u00f3n Solar para Ni\u00f1os y Mujer","publisher":{"@id":"https:\/\/fromsunwithlove.com\/en\/#organization"},"potentialAction":[{"@type":"SearchAction","target":{"@type":"EntryPoint","urlTemplate":"https:\/\/fromsunwithlove.com\/en\/?s={search_term_string}"},"query-input":{"@type":"PropertyValueSpecification","valueRequired":true,"valueName":"search_term_string"}}],"inLanguage":"en-US"},{"@type":"Organization","@id":"https:\/\/fromsunwithlove.com\/en\/#organization","name":"FROM SUN WITH LOVE","url":"https:\/\/fromsunwithlove.com\/en\/","logo":{"@type":"ImageObject","inLanguage":"en-US","@id":"https:\/\/fromsunwithlove.com\/en\/#\/schema\/logo\/image\/","url":"https:\/\/fromsunwithlove.com\/wp-content\/uploads\/2019\/05\/LOGO-SVG-Expand@72x.svg","contentUrl":"https:\/\/fromsunwithlove.com\/wp-content\/uploads\/2019\/05\/LOGO-SVG-Expand@72x.svg","width":716,"height":37,"caption":"FROM SUN WITH LOVE"},"image":{"@id":"https:\/\/fromsunwithlove.com\/en\/#\/schema\/logo\/image\/"},"sameAs":["https:\/\/www.facebook.com\/fromsunwithlove\/","https:\/\/www.instagram.com\/fromsun_withlove\/","https:\/\/www.linkedin.com\/in\/evazorzo\/","https:\/\/www.pinterest.es\/FromSunWithLove\/","https:\/\/www.youtube.com\/channel\/UCS_lI5TbbpdaQgLsf7TSzcg"]}]}},"_links":{"self":[{"href":"https:\/\/fromsunwithlove.com\/en\/wp-json\/wp\/v2\/product\/68464","targetHints":{"allow":["GET"]}}],"collection":[{"href":"https:\/\/fromsunwithlove.com\/en\/wp-json\/wp\/v2\/product"}],"about":[{"href":"https:\/\/fromsunwithlove.com\/en\/wp-json\/wp\/v2\/types\/product"}],"wp:featuredmedia":[{"embeddable":true,"href":"https:\/\/fromsunwithlove.com\/en\/wp-json\/wp\/v2\/media\/68450"}],"wp:attachment":[{"href":"https:\/\/fromsunwithlove.com\/en\/wp-json\/wp\/v2\/media?parent=68464"}],"wp:term":[{"taxonomy":"product_brand","embeddable":true,"href":"https:\/\/fromsunwithlove.com\/en\/wp-json\/wp\/v2\/product_brand?post=68464"},{"taxonomy":"product_cat","embeddable":true,"href":"https:\/\/fromsunwithlove.com\/en\/wp-json\/wp\/v2\/product_cat?post=68464"},{"taxonomy":"product_tag","embeddable":true,"href":"https:\/\/fromsunwithlove.com\/en\/wp-json\/wp\/v2\/product_tag?post=68464"}],"curies":[{"name":"wp","href":"https:\/\/api.w.org\/{rel}","templated":true}]}}