{"id":57816,"date":"2025-11-27T18:38:11","date_gmt":"2025-11-27T17:38:11","guid":{"rendered":"https:\/\/fromsunwithlove.com\/?post_type=product&#038;p=57816"},"modified":"2025-12-01T02:45:02","modified_gmt":"2025-12-01T01:45:02","slug":"panuelo-multiposiciones-upf50-verde-suculenta","status":"publish","type":"product","link":"https:\/\/fromsunwithlove.com\/en\/product\/panuelo-multiposiciones-upf50-verde-suculenta\/","title":{"rendered":"Pa\u00f1uelo multiposiciones UPF50+ Verde suculenta"},"content":{"rendered":"","protected":false},"excerpt":{"rendered":"<p>[cg_accordion title=\"\u00bfC\u00f3mo soy?\"] Dise\u00f1ado para cuidar tu piel sin renunciar al estilo, este pa\u00f1uelo multiposiciones ofrece la m\u00e1xima protecci\u00f3n UPF50+ contra la radiaci\u00f3n ultravioleta.<\/p>\n<p>Gracias a sus cuatro botones invisibles, puedes adaptarlo a diferentes posiciones seg\u00fan tu necesidad, brind\u00e1ndote comodidad y versatilidad en cualquier momento.<\/p>\n<p>Su tejido ultraligero y suave al tacto no solo protege eficazmente del sol, sino que tambi\u00e9n permite una transpirabilidad \u00f3ptima, evitando la sensaci\u00f3n de calor. Ideal para prevenir quemaduras y el envejecimiento prematuro de la piel, este accesorio es un imprescindible para quienes buscan protecci\u00f3n sin complicaciones.<\/p>\n<p>Medidas: 148 x 70 cm.<\/p>\n<p>[\/cg_accordion]<br \/>\n[cg_accordion title=\"Superpoderes\"]<\/p>\n<p>&nbsp;<\/p>\n<p><img decoding=\"async\" class=\"alignnone wp-image-29304\" role=\"img\" src=\"https:\/\/fromsunwithlove.com\/wp-content\/uploads\/2024\/11\/sostenibilidad-FSWL.svg\" alt=\"sostenibilidad moda\" width=\"200\" height=\"150\" \/><\/p>\n<p>&nbsp;<\/p>\n<p class=\"p1\">\u2022<b> Econyl\u00ae<\/b>, 100% fibra de nailon regenerada a partir de redes de pesca y otros residuos de nailon.<\/p>\n<p class=\"p1\">Composici\u00f3n: 90% ECONYL\u00ae 10% Elast\u00e1n.<\/p>\n<p class=\"p1\">\u2022 Certificado con la\u00a0<b>m\u00e1xima protecci\u00f3n UV UPF50+<\/b>\u00a0(AS\/NZS 4399:2017). Bloquea m\u00e1s del 98% de los rayos solares UVA y UVB. La protecci\u00f3n no se va con los lavados ni el uso, ya que es intr\u00ednseca a sus fibras y a c\u00f3mo est\u00e1 tejido.<\/p>\n<p class=\"p1\">\u2022<b> Hecho en Espa\u00f1a<\/b>\u00a0de forma responsable y sostenible.<\/p>\n<p class=\"p1\">\u2022 Certificado Oeko-Tex\u00ae Textil de confianza y Global Recycled Standard\u00ae.<\/p>\n<p class=\"p1\"><img decoding=\"async\" class=\"alignnone wp-image-29308 size-medium\" src=\"https:\/\/fromsunwithlove.com\/wp-content\/uploads\/2024\/11\/sellos-calidad-textil-300x63.webp\" alt=\"sellos calidad textil certificada\" width=\"300\" height=\"63\" srcset=\"https:\/\/fromsunwithlove.com\/wp-content\/uploads\/2024\/11\/sellos-calidad-textil-300x63.webp 300w, https:\/\/fromsunwithlove.com\/wp-content\/uploads\/2024\/11\/sellos-calidad-textil-1024x216.webp 1024w, https:\/\/fromsunwithlove.com\/wp-content\/uploads\/2024\/11\/sellos-calidad-textil-768x162.webp 768w, https:\/\/fromsunwithlove.com\/wp-content\/uploads\/2024\/11\/sellos-calidad-textil-990x209.webp 990w, https:\/\/fromsunwithlove.com\/wp-content\/uploads\/2024\/11\/sellos-calidad-textil-441x93.webp 441w, https:\/\/fromsunwithlove.com\/wp-content\/uploads\/2024\/11\/sellos-calidad-textil-800x169.webp 800w, https:\/\/fromsunwithlove.com\/wp-content\/uploads\/2024\/11\/sellos-calidad-textil-150x32.webp 150w, https:\/\/fromsunwithlove.com\/wp-content\/uploads\/2024\/11\/sellos-calidad-textil.webp 1060w\" sizes=\"(max-width: 300px) 100vw, 300px\" \/><\/p>\n<p class=\"p1\">[\/cg_accordion]<br \/>\n[cg_accordion title=\"\u00bfC\u00f3mo vestirme?\"]Ll\u00e9valo siempre contigo, ya sea para un d\u00eda de playa, un paseo por la ciudad o una escapada de viaje. Es el complemento perfecto tanto con ba\u00f1ador como con un look m\u00e1s urbano. Su dise\u00f1o enrollable lo hace f\u00e1cil de guardar en tu bolso, listo para acompa\u00f1arte en cada aventura.<\/p>\n<p>Adem\u00e1s, su dise\u00f1o multiusos lo convierte en un imprescindible para m\u00faltiples situaciones:<br \/>\n\u2728 Protege la piel de los m\u00e1s peque\u00f1os de forma pr\u00e1ctica.<br \/>\n\ud83e\udd31 Ideal para dar el pecho protegidos y con comodidad.<br \/>\n\ud83d\ude97 Col\u00f3calo en las ventanillas traseras del coche para reducir la incidencia del sol sobre los pasajeros.<\/p>\n<p>Un accesorio vers\u00e1til que se adapta a tu estilo de vida, brind\u00e1ndote protecci\u00f3n y funcionalidad en todo momento.[\/cg_accordion]<\/p>\n","protected":false},"featured_media":57821,"template":"","meta":[],"product_brand":[],"product_cat":[331,436,16,390,63],"product_tag":[],"class_list":{"0":"post-57816","1":"product","2":"type-product","3":"status-publish","4":"has-post-thumbnail","6":"product_cat-colores-lisos","7":"product_cat-dia-de-la-madre","8":"product_cat-moda-mujer-upf50","9":"product_cat-nuevo","10":"product_cat-panuelos","12":"first","13":"instock","14":"featured","15":"taxable","16":"shipping-taxable","17":"purchasable","18":"product-type-simple"},"yoast_head":"<!-- This site is optimized with the Yoast SEO plugin v27.3 - https:\/\/yoast.com\/product\/yoast-seo-wordpress\/ -->\n<title>Pa\u00f1uelo multiposiciones UPF50+ Verde suculenta - FromSunWithLove<\/title>\n<meta name=\"description\" content=\"Pa\u00f1uelo multiposiciones UPF50+ color verde de From Sun With Love: protecci\u00f3n solar, estilo y versatilidad en un solo accesorio.\" \/>\n<meta name=\"robots\" content=\"index, follow, max-snippet:-1, max-image-preview:large, max-video-preview:-1\" \/>\n<link rel=\"canonical\" href=\"https:\/\/fromsunwithlove.com\/en\/product\/panuelo-multiposiciones-upf50-verde-suculenta\/\" \/>\n<meta property=\"og:locale\" content=\"en_US\" \/>\n<meta property=\"og:type\" content=\"article\" \/>\n<meta property=\"og:title\" content=\"Pa\u00f1uelo multiposiciones UPF50+ Verde suculenta - FromSunWithLove\" \/>\n<meta property=\"og:description\" content=\"Pa\u00f1uelo multiposiciones UPF50+ color verde de From Sun With Love: protecci\u00f3n solar, estilo y versatilidad en un solo accesorio.\" \/>\n<meta property=\"og:url\" content=\"https:\/\/fromsunwithlove.com\/en\/product\/panuelo-multiposiciones-upf50-verde-suculenta\/\" \/>\n<meta property=\"og:site_name\" content=\"FromSunWithLove\" \/>\n<meta property=\"article:publisher\" content=\"https:\/\/www.facebook.com\/fromsunwithlove\/\" \/>\n<meta property=\"article:modified_time\" content=\"2025-12-01T01:45:02+00:00\" \/>\n<meta property=\"og:image\" content=\"https:\/\/fromsunwithlove.com\/wp-content\/uploads\/2025\/11\/panuelo-MULTIPOSICION-VERDE.webp\" \/>\n\t<meta property=\"og:image:width\" content=\"536\" \/>\n\t<meta property=\"og:image:height\" content=\"670\" \/>\n\t<meta property=\"og:image:type\" content=\"image\/webp\" \/>\n<meta name=\"twitter:card\" content=\"summary_large_image\" \/>\n<meta name=\"twitter:label1\" content=\"Est. reading time\" \/>\n\t<meta name=\"twitter:data1\" content=\"1 minute\" \/>\n<script type=\"application\/ld+json\" class=\"yoast-schema-graph\">{\"@context\":\"https:\\\/\\\/schema.org\",\"@graph\":[{\"@type\":\"WebPage\",\"@id\":\"https:\\\/\\\/fromsunwithlove.com\\\/en\\\/product\\\/panuelo-multiposiciones-upf50-verde-suculenta\\\/\",\"url\":\"https:\\\/\\\/fromsunwithlove.com\\\/en\\\/product\\\/panuelo-multiposiciones-upf50-verde-suculenta\\\/\",\"name\":\"Pa\u00f1uelo multiposiciones UPF50+ Verde suculenta - FromSunWithLove\",\"isPartOf\":{\"@id\":\"https:\\\/\\\/fromsunwithlove.com\\\/en\\\/#website\"},\"primaryImageOfPage\":{\"@id\":\"https:\\\/\\\/fromsunwithlove.com\\\/en\\\/product\\\/panuelo-multiposiciones-upf50-verde-suculenta\\\/#primaryimage\"},\"image\":{\"@id\":\"https:\\\/\\\/fromsunwithlove.com\\\/en\\\/product\\\/panuelo-multiposiciones-upf50-verde-suculenta\\\/#primaryimage\"},\"thumbnailUrl\":\"https:\\\/\\\/fromsunwithlove.com\\\/wp-content\\\/uploads\\\/2025\\\/11\\\/panuelo-MULTIPOSICION-VERDE.webp\",\"datePublished\":\"2025-11-27T17:38:11+00:00\",\"dateModified\":\"2025-12-01T01:45:02+00:00\",\"description\":\"Pa\u00f1uelo multiposiciones UPF50+ color verde de From Sun With Love: protecci\u00f3n solar, estilo y versatilidad en un solo accesorio.\",\"breadcrumb\":{\"@id\":\"https:\\\/\\\/fromsunwithlove.com\\\/en\\\/product\\\/panuelo-multiposiciones-upf50-verde-suculenta\\\/#breadcrumb\"},\"inLanguage\":\"en-US\",\"potentialAction\":[{\"@type\":\"ReadAction\",\"target\":[\"https:\\\/\\\/fromsunwithlove.com\\\/en\\\/product\\\/panuelo-multiposiciones-upf50-verde-suculenta\\\/\"]}]},{\"@type\":\"ImageObject\",\"inLanguage\":\"en-US\",\"@id\":\"https:\\\/\\\/fromsunwithlove.com\\\/en\\\/product\\\/panuelo-multiposiciones-upf50-verde-suculenta\\\/#primaryimage\",\"url\":\"https:\\\/\\\/fromsunwithlove.com\\\/wp-content\\\/uploads\\\/2025\\\/11\\\/panuelo-MULTIPOSICION-VERDE.webp\",\"contentUrl\":\"https:\\\/\\\/fromsunwithlove.com\\\/wp-content\\\/uploads\\\/2025\\\/11\\\/panuelo-MULTIPOSICION-VERDE.webp\",\"width\":536,\"height\":670,\"caption\":\"verde\"},{\"@type\":\"BreadcrumbList\",\"@id\":\"https:\\\/\\\/fromsunwithlove.com\\\/en\\\/product\\\/panuelo-multiposiciones-upf50-verde-suculenta\\\/#breadcrumb\",\"itemListElement\":[{\"@type\":\"ListItem\",\"position\":1,\"name\":\"Portada\",\"item\":\"https:\\\/\\\/fromsunwithlove.com\\\/en\\\/fashion-with-upf50-sun-protection\\\/\"},{\"@type\":\"ListItem\",\"position\":2,\"name\":\"Sun protection clothing store\",\"item\":\"https:\\\/\\\/fromsunwithlove.com\\\/en\\\/shop-online\\\/\"},{\"@type\":\"ListItem\",\"position\":3,\"name\":\"Pa\u00f1uelo multiposiciones UPF50+ Verde suculenta\"}]},{\"@type\":\"WebSite\",\"@id\":\"https:\\\/\\\/fromsunwithlove.com\\\/en\\\/#website\",\"url\":\"https:\\\/\\\/fromsunwithlove.com\\\/en\\\/\",\"name\":\"FromSunWithLove\",\"description\":\"Ropa de Protecci\u00f3n Solar para Ni\u00f1os y Mujer\",\"publisher\":{\"@id\":\"https:\\\/\\\/fromsunwithlove.com\\\/en\\\/#organization\"},\"potentialAction\":[{\"@type\":\"SearchAction\",\"target\":{\"@type\":\"EntryPoint\",\"urlTemplate\":\"https:\\\/\\\/fromsunwithlove.com\\\/en\\\/?s={search_term_string}\"},\"query-input\":{\"@type\":\"PropertyValueSpecification\",\"valueRequired\":true,\"valueName\":\"search_term_string\"}}],\"inLanguage\":\"en-US\"},{\"@type\":\"Organization\",\"@id\":\"https:\\\/\\\/fromsunwithlove.com\\\/en\\\/#organization\",\"name\":\"FROM SUN WITH LOVE\",\"url\":\"https:\\\/\\\/fromsunwithlove.com\\\/en\\\/\",\"logo\":{\"@type\":\"ImageObject\",\"inLanguage\":\"en-US\",\"@id\":\"https:\\\/\\\/fromsunwithlove.com\\\/en\\\/#\\\/schema\\\/logo\\\/image\\\/\",\"url\":\"https:\\\/\\\/fromsunwithlove.com\\\/wp-content\\\/uploads\\\/2019\\\/05\\\/LOGO-SVG-Expand@72x.svg\",\"contentUrl\":\"https:\\\/\\\/fromsunwithlove.com\\\/wp-content\\\/uploads\\\/2019\\\/05\\\/LOGO-SVG-Expand@72x.svg\",\"width\":716,\"height\":37,\"caption\":\"FROM SUN WITH LOVE\"},\"image\":{\"@id\":\"https:\\\/\\\/fromsunwithlove.com\\\/en\\\/#\\\/schema\\\/logo\\\/image\\\/\"},\"sameAs\":[\"https:\\\/\\\/www.facebook.com\\\/fromsunwithlove\\\/\",\"https:\\\/\\\/www.instagram.com\\\/fromsun_withlove\\\/\",\"https:\\\/\\\/www.linkedin.com\\\/in\\\/evazorzo\\\/\",\"https:\\\/\\\/www.pinterest.es\\\/FromSunWithLove\\\/\",\"https:\\\/\\\/www.youtube.com\\\/channel\\\/UCS_lI5TbbpdaQgLsf7TSzcg\"]}]}<\/script>\n<!-- \/ Yoast SEO plugin. -->","yoast_head_json":{"title":"Pa\u00f1uelo multiposiciones UPF50+ Verde suculenta - FromSunWithLove","description":"Pa\u00f1uelo multiposiciones UPF50+ color verde de From Sun With Love: protecci\u00f3n solar, estilo y versatilidad en un solo accesorio.","robots":{"index":"index","follow":"follow","max-snippet":"max-snippet:-1","max-image-preview":"max-image-preview:large","max-video-preview":"max-video-preview:-1"},"canonical":"https:\/\/fromsunwithlove.com\/en\/product\/panuelo-multiposiciones-upf50-verde-suculenta\/","og_locale":"en_US","og_type":"article","og_title":"Pa\u00f1uelo multiposiciones UPF50+ Verde suculenta - FromSunWithLove","og_description":"Pa\u00f1uelo multiposiciones UPF50+ color verde de From Sun With Love: protecci\u00f3n solar, estilo y versatilidad en un solo accesorio.","og_url":"https:\/\/fromsunwithlove.com\/en\/product\/panuelo-multiposiciones-upf50-verde-suculenta\/","og_site_name":"FromSunWithLove","article_publisher":"https:\/\/www.facebook.com\/fromsunwithlove\/","article_modified_time":"2025-12-01T01:45:02+00:00","og_image":[{"width":536,"height":670,"url":"https:\/\/fromsunwithlove.com\/wp-content\/uploads\/2025\/11\/panuelo-MULTIPOSICION-VERDE.webp","type":"image\/webp"}],"twitter_card":"summary_large_image","twitter_misc":{"Est. reading time":"1 minute"},"schema":{"@context":"https:\/\/schema.org","@graph":[{"@type":"WebPage","@id":"https:\/\/fromsunwithlove.com\/en\/product\/panuelo-multiposiciones-upf50-verde-suculenta\/","url":"https:\/\/fromsunwithlove.com\/en\/product\/panuelo-multiposiciones-upf50-verde-suculenta\/","name":"Pa\u00f1uelo multiposiciones UPF50+ Verde suculenta - FromSunWithLove","isPartOf":{"@id":"https:\/\/fromsunwithlove.com\/en\/#website"},"primaryImageOfPage":{"@id":"https:\/\/fromsunwithlove.com\/en\/product\/panuelo-multiposiciones-upf50-verde-suculenta\/#primaryimage"},"image":{"@id":"https:\/\/fromsunwithlove.com\/en\/product\/panuelo-multiposiciones-upf50-verde-suculenta\/#primaryimage"},"thumbnailUrl":"https:\/\/fromsunwithlove.com\/wp-content\/uploads\/2025\/11\/panuelo-MULTIPOSICION-VERDE.webp","datePublished":"2025-11-27T17:38:11+00:00","dateModified":"2025-12-01T01:45:02+00:00","description":"Pa\u00f1uelo multiposiciones UPF50+ color verde de From Sun With Love: protecci\u00f3n solar, estilo y versatilidad en un solo accesorio.","breadcrumb":{"@id":"https:\/\/fromsunwithlove.com\/en\/product\/panuelo-multiposiciones-upf50-verde-suculenta\/#breadcrumb"},"inLanguage":"en-US","potentialAction":[{"@type":"ReadAction","target":["https:\/\/fromsunwithlove.com\/en\/product\/panuelo-multiposiciones-upf50-verde-suculenta\/"]}]},{"@type":"ImageObject","inLanguage":"en-US","@id":"https:\/\/fromsunwithlove.com\/en\/product\/panuelo-multiposiciones-upf50-verde-suculenta\/#primaryimage","url":"https:\/\/fromsunwithlove.com\/wp-content\/uploads\/2025\/11\/panuelo-MULTIPOSICION-VERDE.webp","contentUrl":"https:\/\/fromsunwithlove.com\/wp-content\/uploads\/2025\/11\/panuelo-MULTIPOSICION-VERDE.webp","width":536,"height":670,"caption":"verde"},{"@type":"BreadcrumbList","@id":"https:\/\/fromsunwithlove.com\/en\/product\/panuelo-multiposiciones-upf50-verde-suculenta\/#breadcrumb","itemListElement":[{"@type":"ListItem","position":1,"name":"Portada","item":"https:\/\/fromsunwithlove.com\/en\/fashion-with-upf50-sun-protection\/"},{"@type":"ListItem","position":2,"name":"Sun protection clothing store","item":"https:\/\/fromsunwithlove.com\/en\/shop-online\/"},{"@type":"ListItem","position":3,"name":"Pa\u00f1uelo multiposiciones UPF50+ Verde suculenta"}]},{"@type":"WebSite","@id":"https:\/\/fromsunwithlove.com\/en\/#website","url":"https:\/\/fromsunwithlove.com\/en\/","name":"FromSunWithLove","description":"Ropa de Protecci\u00f3n Solar para Ni\u00f1os y Mujer","publisher":{"@id":"https:\/\/fromsunwithlove.com\/en\/#organization"},"potentialAction":[{"@type":"SearchAction","target":{"@type":"EntryPoint","urlTemplate":"https:\/\/fromsunwithlove.com\/en\/?s={search_term_string}"},"query-input":{"@type":"PropertyValueSpecification","valueRequired":true,"valueName":"search_term_string"}}],"inLanguage":"en-US"},{"@type":"Organization","@id":"https:\/\/fromsunwithlove.com\/en\/#organization","name":"FROM SUN WITH LOVE","url":"https:\/\/fromsunwithlove.com\/en\/","logo":{"@type":"ImageObject","inLanguage":"en-US","@id":"https:\/\/fromsunwithlove.com\/en\/#\/schema\/logo\/image\/","url":"https:\/\/fromsunwithlove.com\/wp-content\/uploads\/2019\/05\/LOGO-SVG-Expand@72x.svg","contentUrl":"https:\/\/fromsunwithlove.com\/wp-content\/uploads\/2019\/05\/LOGO-SVG-Expand@72x.svg","width":716,"height":37,"caption":"FROM SUN WITH LOVE"},"image":{"@id":"https:\/\/fromsunwithlove.com\/en\/#\/schema\/logo\/image\/"},"sameAs":["https:\/\/www.facebook.com\/fromsunwithlove\/","https:\/\/www.instagram.com\/fromsun_withlove\/","https:\/\/www.linkedin.com\/in\/evazorzo\/","https:\/\/www.pinterest.es\/FromSunWithLove\/","https:\/\/www.youtube.com\/channel\/UCS_lI5TbbpdaQgLsf7TSzcg"]}]}},"_links":{"self":[{"href":"https:\/\/fromsunwithlove.com\/en\/wp-json\/wp\/v2\/product\/57816","targetHints":{"allow":["GET"]}}],"collection":[{"href":"https:\/\/fromsunwithlove.com\/en\/wp-json\/wp\/v2\/product"}],"about":[{"href":"https:\/\/fromsunwithlove.com\/en\/wp-json\/wp\/v2\/types\/product"}],"wp:featuredmedia":[{"embeddable":true,"href":"https:\/\/fromsunwithlove.com\/en\/wp-json\/wp\/v2\/media\/57821"}],"wp:attachment":[{"href":"https:\/\/fromsunwithlove.com\/en\/wp-json\/wp\/v2\/media?parent=57816"}],"wp:term":[{"taxonomy":"product_brand","embeddable":true,"href":"https:\/\/fromsunwithlove.com\/en\/wp-json\/wp\/v2\/product_brand?post=57816"},{"taxonomy":"product_cat","embeddable":true,"href":"https:\/\/fromsunwithlove.com\/en\/wp-json\/wp\/v2\/product_cat?post=57816"},{"taxonomy":"product_tag","embeddable":true,"href":"https:\/\/fromsunwithlove.com\/en\/wp-json\/wp\/v2\/product_tag?post=57816"}],"curies":[{"name":"wp","href":"https:\/\/api.w.org\/{rel}","templated":true}]}}