{"id":31568,"date":"2025-03-28T12:39:01","date_gmt":"2025-03-28T11:39:01","guid":{"rendered":"https:\/\/fromsunwithlove.com\/?post_type=product&#038;p=31568"},"modified":"2026-04-27T17:46:17","modified_gmt":"2026-04-27T15:46:17","slug":"panuelo-upf50-shine-fichu","status":"publish","type":"product","link":"https:\/\/fromsunwithlove.com\/en\/product\/panuelo-upf50-shine-fichu\/","title":{"rendered":"Pa\u00f1uelo UPF50+ Shine \u2013 Fichu"},"content":{"rendered":"","protected":false},"excerpt":{"rendered":"[cg_accordion title=\"\u00bfC\u00f3mo soy?\"]\n<p>Un fichu es un pa\u00f1uelo cuadrado de 72 x 72 cm, que se dobla en diagonal y se lleva sobre los hombros. Rescatado de la vestimenta provenzal mas tradicional .<\/p>\n<p>Su tejido ultraligero y suave al tacto no solo protege eficazmente del sol, sino que tambi\u00e9n permite una transpirabilidad \u00f3ptima, evitando la sensaci\u00f3n de calor. Ideal para prevenir quemaduras y el envejecimiento prematuro de la piel, este accesorio es un imprescindible para quienes buscan protecci\u00f3n en un peque\u00f1o y trending accesorio. [\/cg_accordion]<br \/>\n[cg_accordion title=\"Superpoderes\"]<\/p>\n<p>&nbsp;<\/p>\n<p><img decoding=\"async\" class=\"alignnone wp-image-29304\" role=\"img\" src=\"https:\/\/fromsunwithlove.com\/wp-content\/uploads\/2024\/11\/sostenibilidad-FSWL.svg\" alt=\"sostenibilidad moda\" width=\"200\" height=\"150\" \/><\/p>\n<p>&nbsp;<\/p>\n<p class=\"p1\">\u2022 Composici\u00f3n: 90% ECONYL\u00ae 10% Elast\u00e1n.<b> Econyl\u00ae<\/b>, 100% fibra de nailon regenerada a partir de redes de pesca y otros residuos de nailon.<\/p>\n<p class=\"p1\">\u2022 Certificado con la\u00a0<b>m\u00e1xima protecci\u00f3n UV UPF50+<\/b>\u00a0(AS\/NZS 4399:2017).\u00a0La protecci\u00f3n no se va con los lavados ni el uso, ya que es intr\u00ednseca a sus fibras y a como est\u00e1 tejido.<\/p>\n<p class=\"p1\"><b>\u2022 Hecho en Espa\u00f1a<\/b>\u00a0de forma responsable y sostenible.<\/p>\n<p class=\"p1\">\u2022 Certificado Oeko-Tex\u00ae Textil de confianza y Global Recycled Standard\u00ae.<\/p>\n<p class=\"p1\"><img decoding=\"async\" class=\"alignnone wp-image-29308 size-medium\" src=\"https:\/\/fromsunwithlove.com\/wp-content\/uploads\/2024\/11\/sellos-calidad-textil-300x63.webp\" alt=\"sellos calidad textil certificada\" width=\"300\" height=\"63\" srcset=\"https:\/\/fromsunwithlove.com\/wp-content\/uploads\/2024\/11\/sellos-calidad-textil-300x63.webp 300w, https:\/\/fromsunwithlove.com\/wp-content\/uploads\/2024\/11\/sellos-calidad-textil-1024x216.webp 1024w, https:\/\/fromsunwithlove.com\/wp-content\/uploads\/2024\/11\/sellos-calidad-textil-768x162.webp 768w, https:\/\/fromsunwithlove.com\/wp-content\/uploads\/2024\/11\/sellos-calidad-textil-990x209.webp 990w, https:\/\/fromsunwithlove.com\/wp-content\/uploads\/2024\/11\/sellos-calidad-textil-441x93.webp 441w, https:\/\/fromsunwithlove.com\/wp-content\/uploads\/2024\/11\/sellos-calidad-textil-800x169.webp 800w, https:\/\/fromsunwithlove.com\/wp-content\/uploads\/2024\/11\/sellos-calidad-textil-150x32.webp 150w, https:\/\/fromsunwithlove.com\/wp-content\/uploads\/2024\/11\/sellos-calidad-textil.webp 1060w\" sizes=\"(max-width: 300px) 100vw, 300px\" \/><\/p>\n<p class=\"p1\">[\/cg_accordion]<br \/>\n[cg_accordion title=\"\u00bfC\u00f3mo vestirme?\"]Ll\u00e9valo sobre los hombros, anudado al cuello, en la cabeza al m\u00e1s puro estilo british, como bandana, an\u00fadalo al bolso\u2026\u00a0 Ya sabes que proteger\u00e1 la piel o el cabello de la radiaci\u00f3n ultravioleta, pero adem\u00e1s llevar\u00e1s un accesorio que te dar\u00e1 mucho, mucho estilo. Comb\u00ednalo con unas maxi gafas de sol y \u00e9xito asegurado.<br \/>\n[\/cg_accordion]<\/p>\n","protected":false},"featured_media":31569,"template":"","meta":[],"product_brand":[],"product_cat":[436,16,63,262],"product_tag":[],"class_list":{"0":"post-31568","1":"product","2":"type-product","3":"status-publish","4":"has-post-thumbnail","6":"product_cat-dia-de-la-madre","7":"product_cat-moda-mujer-upf50","8":"product_cat-panuelos","9":"product_cat-shine","11":"first","12":"instock","13":"taxable","14":"shipping-taxable","15":"purchasable","16":"product-type-simple"},"yoast_head":"<!-- This site is optimized with the Yoast SEO plugin v27.3 - https:\/\/yoast.com\/product\/yoast-seo-wordpress\/ -->\n<title>Pa\u00f1uelo UPF50+ Shine \u2013 Fichu - FromSunWithLove<\/title>\n<meta name=\"description\" content=\"Pa\u00f1uelo peque\u00f1o UPF50+ estampado: ligero, suave y vers\u00e1til, m\u00e1xima protecci\u00f3n solar en un accesorio trending. Perfecto para llevar siempre contigo.\" \/>\n<meta name=\"robots\" content=\"index, follow, max-snippet:-1, max-image-preview:large, max-video-preview:-1\" \/>\n<link rel=\"canonical\" href=\"https:\/\/fromsunwithlove.com\/en\/product\/panuelo-upf50-shine-fichu\/\" \/>\n<meta property=\"og:locale\" content=\"en_US\" \/>\n<meta property=\"og:type\" content=\"article\" \/>\n<meta property=\"og:title\" content=\"Pa\u00f1uelo UPF50+ Shine \u2013 Fichu - FromSunWithLove\" \/>\n<meta property=\"og:description\" content=\"Pa\u00f1uelo peque\u00f1o UPF50+ estampado: ligero, suave y vers\u00e1til, m\u00e1xima protecci\u00f3n solar en un accesorio trending. Perfecto para llevar siempre contigo.\" \/>\n<meta property=\"og:url\" content=\"https:\/\/fromsunwithlove.com\/en\/product\/panuelo-upf50-shine-fichu\/\" \/>\n<meta property=\"og:site_name\" content=\"FromSunWithLove\" \/>\n<meta property=\"article:publisher\" content=\"https:\/\/www.facebook.com\/fromsunwithlove\/\" \/>\n<meta property=\"article:modified_time\" content=\"2026-04-27T15:46:17+00:00\" \/>\n<meta property=\"og:image\" content=\"https:\/\/fromsunwithlove.com\/wp-content\/uploads\/2025\/03\/Panuelito_fichu_shine_fromsunwithlove1.webp\" \/>\n\t<meta property=\"og:image:width\" content=\"867\" \/>\n\t<meta property=\"og:image:height\" content=\"1083\" \/>\n\t<meta property=\"og:image:type\" content=\"image\/webp\" \/>\n<meta name=\"twitter:card\" content=\"summary_large_image\" \/>\n<meta name=\"twitter:label1\" content=\"Est. reading time\" \/>\n\t<meta name=\"twitter:data1\" content=\"1 minute\" \/>\n<script type=\"application\/ld+json\" class=\"yoast-schema-graph\">{\"@context\":\"https:\\\/\\\/schema.org\",\"@graph\":[{\"@type\":\"WebPage\",\"@id\":\"https:\\\/\\\/fromsunwithlove.com\\\/en\\\/product\\\/panuelo-upf50-shine-fichu\\\/\",\"url\":\"https:\\\/\\\/fromsunwithlove.com\\\/en\\\/product\\\/panuelo-upf50-shine-fichu\\\/\",\"name\":\"Pa\u00f1uelo UPF50+ Shine \u2013 Fichu - FromSunWithLove\",\"isPartOf\":{\"@id\":\"https:\\\/\\\/fromsunwithlove.com\\\/en\\\/#website\"},\"primaryImageOfPage\":{\"@id\":\"https:\\\/\\\/fromsunwithlove.com\\\/en\\\/product\\\/panuelo-upf50-shine-fichu\\\/#primaryimage\"},\"image\":{\"@id\":\"https:\\\/\\\/fromsunwithlove.com\\\/en\\\/product\\\/panuelo-upf50-shine-fichu\\\/#primaryimage\"},\"thumbnailUrl\":\"https:\\\/\\\/fromsunwithlove.com\\\/wp-content\\\/uploads\\\/2025\\\/03\\\/Panuelito_fichu_shine_fromsunwithlove1.webp\",\"datePublished\":\"2025-03-28T11:39:01+00:00\",\"dateModified\":\"2026-04-27T15:46:17+00:00\",\"description\":\"Pa\u00f1uelo peque\u00f1o UPF50+ estampado: ligero, suave y vers\u00e1til, m\u00e1xima protecci\u00f3n solar en un accesorio trending. Perfecto para llevar siempre contigo.\",\"breadcrumb\":{\"@id\":\"https:\\\/\\\/fromsunwithlove.com\\\/en\\\/product\\\/panuelo-upf50-shine-fichu\\\/#breadcrumb\"},\"inLanguage\":\"en-US\",\"potentialAction\":[{\"@type\":\"ReadAction\",\"target\":[\"https:\\\/\\\/fromsunwithlove.com\\\/en\\\/product\\\/panuelo-upf50-shine-fichu\\\/\"]}]},{\"@type\":\"ImageObject\",\"inLanguage\":\"en-US\",\"@id\":\"https:\\\/\\\/fromsunwithlove.com\\\/en\\\/product\\\/panuelo-upf50-shine-fichu\\\/#primaryimage\",\"url\":\"https:\\\/\\\/fromsunwithlove.com\\\/wp-content\\\/uploads\\\/2025\\\/03\\\/Panuelito_fichu_shine_fromsunwithlove1.webp\",\"contentUrl\":\"https:\\\/\\\/fromsunwithlove.com\\\/wp-content\\\/uploads\\\/2025\\\/03\\\/Panuelito_fichu_shine_fromsunwithlove1.webp\",\"width\":867,\"height\":1083,\"caption\":\"Pa\u00f1uelo Shine\"},{\"@type\":\"BreadcrumbList\",\"@id\":\"https:\\\/\\\/fromsunwithlove.com\\\/en\\\/product\\\/panuelo-upf50-shine-fichu\\\/#breadcrumb\",\"itemListElement\":[{\"@type\":\"ListItem\",\"position\":1,\"name\":\"Portada\",\"item\":\"https:\\\/\\\/fromsunwithlove.com\\\/en\\\/\"},{\"@type\":\"ListItem\",\"position\":2,\"name\":\"Sun protection clothing store\",\"item\":\"https:\\\/\\\/fromsunwithlove.com\\\/en\\\/shop-online\\\/\"},{\"@type\":\"ListItem\",\"position\":3,\"name\":\"Pa\u00f1uelo UPF50+ Shine \u2013 Fichu\"}]},{\"@type\":\"WebSite\",\"@id\":\"https:\\\/\\\/fromsunwithlove.com\\\/en\\\/#website\",\"url\":\"https:\\\/\\\/fromsunwithlove.com\\\/en\\\/\",\"name\":\"FromSunWithLove\",\"description\":\"Ropa de Protecci\u00f3n Solar para Ni\u00f1os y Mujer\",\"publisher\":{\"@id\":\"https:\\\/\\\/fromsunwithlove.com\\\/en\\\/#organization\"},\"potentialAction\":[{\"@type\":\"SearchAction\",\"target\":{\"@type\":\"EntryPoint\",\"urlTemplate\":\"https:\\\/\\\/fromsunwithlove.com\\\/en\\\/?s={search_term_string}\"},\"query-input\":{\"@type\":\"PropertyValueSpecification\",\"valueRequired\":true,\"valueName\":\"search_term_string\"}}],\"inLanguage\":\"en-US\"},{\"@type\":\"Organization\",\"@id\":\"https:\\\/\\\/fromsunwithlove.com\\\/en\\\/#organization\",\"name\":\"FROM SUN WITH LOVE\",\"url\":\"https:\\\/\\\/fromsunwithlove.com\\\/en\\\/\",\"logo\":{\"@type\":\"ImageObject\",\"inLanguage\":\"en-US\",\"@id\":\"https:\\\/\\\/fromsunwithlove.com\\\/en\\\/#\\\/schema\\\/logo\\\/image\\\/\",\"url\":\"https:\\\/\\\/fromsunwithlove.com\\\/wp-content\\\/uploads\\\/2019\\\/05\\\/LOGO-SVG-Expand@72x.svg\",\"contentUrl\":\"https:\\\/\\\/fromsunwithlove.com\\\/wp-content\\\/uploads\\\/2019\\\/05\\\/LOGO-SVG-Expand@72x.svg\",\"width\":716,\"height\":37,\"caption\":\"FROM SUN WITH LOVE\"},\"image\":{\"@id\":\"https:\\\/\\\/fromsunwithlove.com\\\/en\\\/#\\\/schema\\\/logo\\\/image\\\/\"},\"sameAs\":[\"https:\\\/\\\/www.facebook.com\\\/fromsunwithlove\\\/\",\"https:\\\/\\\/www.instagram.com\\\/fromsun_withlove\\\/\",\"https:\\\/\\\/www.linkedin.com\\\/in\\\/evazorzo\\\/\",\"https:\\\/\\\/www.pinterest.es\\\/FromSunWithLove\\\/\",\"https:\\\/\\\/www.youtube.com\\\/channel\\\/UCS_lI5TbbpdaQgLsf7TSzcg\"]}]}<\/script>\n<!-- \/ Yoast SEO plugin. -->","yoast_head_json":{"title":"Pa\u00f1uelo UPF50+ Shine \u2013 Fichu - FromSunWithLove","description":"Pa\u00f1uelo peque\u00f1o UPF50+ estampado: ligero, suave y vers\u00e1til, m\u00e1xima protecci\u00f3n solar en un accesorio trending. Perfecto para llevar siempre contigo.","robots":{"index":"index","follow":"follow","max-snippet":"max-snippet:-1","max-image-preview":"max-image-preview:large","max-video-preview":"max-video-preview:-1"},"canonical":"https:\/\/fromsunwithlove.com\/en\/product\/panuelo-upf50-shine-fichu\/","og_locale":"en_US","og_type":"article","og_title":"Pa\u00f1uelo UPF50+ Shine \u2013 Fichu - FromSunWithLove","og_description":"Pa\u00f1uelo peque\u00f1o UPF50+ estampado: ligero, suave y vers\u00e1til, m\u00e1xima protecci\u00f3n solar en un accesorio trending. Perfecto para llevar siempre contigo.","og_url":"https:\/\/fromsunwithlove.com\/en\/product\/panuelo-upf50-shine-fichu\/","og_site_name":"FromSunWithLove","article_publisher":"https:\/\/www.facebook.com\/fromsunwithlove\/","article_modified_time":"2026-04-27T15:46:17+00:00","og_image":[{"width":867,"height":1083,"url":"https:\/\/fromsunwithlove.com\/wp-content\/uploads\/2025\/03\/Panuelito_fichu_shine_fromsunwithlove1.webp","type":"image\/webp"}],"twitter_card":"summary_large_image","twitter_misc":{"Est. reading time":"1 minute"},"schema":{"@context":"https:\/\/schema.org","@graph":[{"@type":"WebPage","@id":"https:\/\/fromsunwithlove.com\/en\/product\/panuelo-upf50-shine-fichu\/","url":"https:\/\/fromsunwithlove.com\/en\/product\/panuelo-upf50-shine-fichu\/","name":"Pa\u00f1uelo UPF50+ Shine \u2013 Fichu - FromSunWithLove","isPartOf":{"@id":"https:\/\/fromsunwithlove.com\/en\/#website"},"primaryImageOfPage":{"@id":"https:\/\/fromsunwithlove.com\/en\/product\/panuelo-upf50-shine-fichu\/#primaryimage"},"image":{"@id":"https:\/\/fromsunwithlove.com\/en\/product\/panuelo-upf50-shine-fichu\/#primaryimage"},"thumbnailUrl":"https:\/\/fromsunwithlove.com\/wp-content\/uploads\/2025\/03\/Panuelito_fichu_shine_fromsunwithlove1.webp","datePublished":"2025-03-28T11:39:01+00:00","dateModified":"2026-04-27T15:46:17+00:00","description":"Pa\u00f1uelo peque\u00f1o UPF50+ estampado: ligero, suave y vers\u00e1til, m\u00e1xima protecci\u00f3n solar en un accesorio trending. Perfecto para llevar siempre contigo.","breadcrumb":{"@id":"https:\/\/fromsunwithlove.com\/en\/product\/panuelo-upf50-shine-fichu\/#breadcrumb"},"inLanguage":"en-US","potentialAction":[{"@type":"ReadAction","target":["https:\/\/fromsunwithlove.com\/en\/product\/panuelo-upf50-shine-fichu\/"]}]},{"@type":"ImageObject","inLanguage":"en-US","@id":"https:\/\/fromsunwithlove.com\/en\/product\/panuelo-upf50-shine-fichu\/#primaryimage","url":"https:\/\/fromsunwithlove.com\/wp-content\/uploads\/2025\/03\/Panuelito_fichu_shine_fromsunwithlove1.webp","contentUrl":"https:\/\/fromsunwithlove.com\/wp-content\/uploads\/2025\/03\/Panuelito_fichu_shine_fromsunwithlove1.webp","width":867,"height":1083,"caption":"Pa\u00f1uelo Shine"},{"@type":"BreadcrumbList","@id":"https:\/\/fromsunwithlove.com\/en\/product\/panuelo-upf50-shine-fichu\/#breadcrumb","itemListElement":[{"@type":"ListItem","position":1,"name":"Portada","item":"https:\/\/fromsunwithlove.com\/en\/"},{"@type":"ListItem","position":2,"name":"Sun protection clothing store","item":"https:\/\/fromsunwithlove.com\/en\/shop-online\/"},{"@type":"ListItem","position":3,"name":"Pa\u00f1uelo UPF50+ Shine \u2013 Fichu"}]},{"@type":"WebSite","@id":"https:\/\/fromsunwithlove.com\/en\/#website","url":"https:\/\/fromsunwithlove.com\/en\/","name":"FromSunWithLove","description":"Ropa de Protecci\u00f3n Solar para Ni\u00f1os y Mujer","publisher":{"@id":"https:\/\/fromsunwithlove.com\/en\/#organization"},"potentialAction":[{"@type":"SearchAction","target":{"@type":"EntryPoint","urlTemplate":"https:\/\/fromsunwithlove.com\/en\/?s={search_term_string}"},"query-input":{"@type":"PropertyValueSpecification","valueRequired":true,"valueName":"search_term_string"}}],"inLanguage":"en-US"},{"@type":"Organization","@id":"https:\/\/fromsunwithlove.com\/en\/#organization","name":"FROM SUN WITH LOVE","url":"https:\/\/fromsunwithlove.com\/en\/","logo":{"@type":"ImageObject","inLanguage":"en-US","@id":"https:\/\/fromsunwithlove.com\/en\/#\/schema\/logo\/image\/","url":"https:\/\/fromsunwithlove.com\/wp-content\/uploads\/2019\/05\/LOGO-SVG-Expand@72x.svg","contentUrl":"https:\/\/fromsunwithlove.com\/wp-content\/uploads\/2019\/05\/LOGO-SVG-Expand@72x.svg","width":716,"height":37,"caption":"FROM SUN WITH LOVE"},"image":{"@id":"https:\/\/fromsunwithlove.com\/en\/#\/schema\/logo\/image\/"},"sameAs":["https:\/\/www.facebook.com\/fromsunwithlove\/","https:\/\/www.instagram.com\/fromsun_withlove\/","https:\/\/www.linkedin.com\/in\/evazorzo\/","https:\/\/www.pinterest.es\/FromSunWithLove\/","https:\/\/www.youtube.com\/channel\/UCS_lI5TbbpdaQgLsf7TSzcg"]}]}},"_links":{"self":[{"href":"https:\/\/fromsunwithlove.com\/en\/wp-json\/wp\/v2\/product\/31568","targetHints":{"allow":["GET"]}}],"collection":[{"href":"https:\/\/fromsunwithlove.com\/en\/wp-json\/wp\/v2\/product"}],"about":[{"href":"https:\/\/fromsunwithlove.com\/en\/wp-json\/wp\/v2\/types\/product"}],"wp:featuredmedia":[{"embeddable":true,"href":"https:\/\/fromsunwithlove.com\/en\/wp-json\/wp\/v2\/media\/31569"}],"wp:attachment":[{"href":"https:\/\/fromsunwithlove.com\/en\/wp-json\/wp\/v2\/media?parent=31568"}],"wp:term":[{"taxonomy":"product_brand","embeddable":true,"href":"https:\/\/fromsunwithlove.com\/en\/wp-json\/wp\/v2\/product_brand?post=31568"},{"taxonomy":"product_cat","embeddable":true,"href":"https:\/\/fromsunwithlove.com\/en\/wp-json\/wp\/v2\/product_cat?post=31568"},{"taxonomy":"product_tag","embeddable":true,"href":"https:\/\/fromsunwithlove.com\/en\/wp-json\/wp\/v2\/product_tag?post=31568"}],"curies":[{"name":"wp","href":"https:\/\/api.w.org\/{rel}","templated":true}]}}