{"id":14548,"date":"2024-12-13T17:46:27","date_gmt":"2024-12-13T16:46:27","guid":{"rendered":"https:\/\/fromsunwithlove.com\/?post_type=product&#038;p=14548"},"modified":"2025-11-21T21:12:49","modified_gmt":"2025-11-21T20:12:49","slug":"pack-panuelo-multiposiciones-gorro-provence-blue","status":"publish","type":"product","link":"https:\/\/fromsunwithlove.com\/en\/product\/pack-panuelo-multiposiciones-gorro-provence-blue\/","title":{"rendered":"Pack Pa\u00f1uelo multiposiciones + Gorro Provence Bleu"},"content":{"rendered":"","protected":false},"excerpt":{"rendered":"<p>Para informaci\u00f3n sobre las prendas ir a la ficha de producto por separado.<\/p>\n","protected":false},"featured_media":34481,"template":"","meta":[],"product_brand":[],"product_cat":[436,334,382],"product_tag":[],"class_list":{"0":"post-14548","1":"product","2":"type-product","3":"status-publish","4":"has-post-thumbnail","6":"product_cat-dia-de-la-madre","7":"product_cat-ete-provencal","8":"product_cat-pack","10":"first","11":"outofstock","12":"sale","13":"featured","14":"taxable","15":"shipping-taxable","16":"purchasable","17":"product-type-woosb"},"yoast_head":"<!-- This site is optimized with the Yoast SEO plugin v27.3 - https:\/\/yoast.com\/product\/yoast-seo-wordpress\/ -->\n<title>Pack Pa\u00f1uelo multiposiciones + Gorro Provence Bleu - FromSunWithLove<\/title>\n<meta name=\"description\" content=\"Un pack exclusivo de protecci\u00f3n solar para regalar el D\u00eda de la Madre\" \/>\n<meta name=\"robots\" content=\"index, follow, max-snippet:-1, max-image-preview:large, max-video-preview:-1\" \/>\n<link rel=\"canonical\" href=\"https:\/\/fromsunwithlove.com\/en\/product\/pack-panuelo-multiposiciones-gorro-provence-blue\/\" \/>\n<meta property=\"og:locale\" content=\"en_US\" \/>\n<meta property=\"og:type\" content=\"article\" \/>\n<meta property=\"og:title\" content=\"Pack Pa\u00f1uelo multiposiciones + Gorro Provence Bleu - FromSunWithLove\" \/>\n<meta property=\"og:description\" content=\"Un pack exclusivo de protecci\u00f3n solar para regalar el D\u00eda de la Madre\" \/>\n<meta property=\"og:url\" content=\"https:\/\/fromsunwithlove.com\/en\/product\/pack-panuelo-multiposiciones-gorro-provence-blue\/\" \/>\n<meta property=\"og:site_name\" content=\"FromSunWithLove\" \/>\n<meta property=\"article:publisher\" content=\"https:\/\/www.facebook.com\/fromsunwithlove\/\" \/>\n<meta property=\"article:modified_time\" content=\"2025-11-21T20:12:49+00:00\" \/>\n<meta property=\"og:image\" content=\"https:\/\/fromsunwithlove.com\/wp-content\/uploads\/2024\/12\/PACK-GORRO_bucket_UPF50_liso-azul-provence-PANUELO.webp\" \/>\n\t<meta property=\"og:image:width\" content=\"800\" \/>\n\t<meta property=\"og:image:height\" content=\"1137\" \/>\n\t<meta property=\"og:image:type\" content=\"image\/webp\" \/>\n<meta name=\"twitter:card\" content=\"summary_large_image\" \/>\n<meta name=\"twitter:label1\" content=\"Est. reading time\" \/>\n\t<meta name=\"twitter:data1\" content=\"1 minute\" \/>\n<script type=\"application\/ld+json\" class=\"yoast-schema-graph\">{\"@context\":\"https:\\\/\\\/schema.org\",\"@graph\":[{\"@type\":\"WebPage\",\"@id\":\"https:\\\/\\\/fromsunwithlove.com\\\/en\\\/product\\\/pack-panuelo-multiposiciones-gorro-provence-blue\\\/\",\"url\":\"https:\\\/\\\/fromsunwithlove.com\\\/en\\\/product\\\/pack-panuelo-multiposiciones-gorro-provence-blue\\\/\",\"name\":\"Pack Pa\u00f1uelo multiposiciones + Gorro Provence Bleu - FromSunWithLove\",\"isPartOf\":{\"@id\":\"https:\\\/\\\/fromsunwithlove.com\\\/en\\\/#website\"},\"primaryImageOfPage\":{\"@id\":\"https:\\\/\\\/fromsunwithlove.com\\\/en\\\/product\\\/pack-panuelo-multiposiciones-gorro-provence-blue\\\/#primaryimage\"},\"image\":{\"@id\":\"https:\\\/\\\/fromsunwithlove.com\\\/en\\\/product\\\/pack-panuelo-multiposiciones-gorro-provence-blue\\\/#primaryimage\"},\"thumbnailUrl\":\"https:\\\/\\\/fromsunwithlove.com\\\/wp-content\\\/uploads\\\/2024\\\/12\\\/PACK-GORRO_bucket_UPF50_liso-azul-provence-PANUELO.webp\",\"datePublished\":\"2024-12-13T16:46:27+00:00\",\"dateModified\":\"2025-11-21T20:12:49+00:00\",\"description\":\"Un pack exclusivo de protecci\u00f3n solar para regalar el D\u00eda de la Madre\",\"breadcrumb\":{\"@id\":\"https:\\\/\\\/fromsunwithlove.com\\\/en\\\/product\\\/pack-panuelo-multiposiciones-gorro-provence-blue\\\/#breadcrumb\"},\"inLanguage\":\"en-US\",\"potentialAction\":[{\"@type\":\"ReadAction\",\"target\":[\"https:\\\/\\\/fromsunwithlove.com\\\/en\\\/product\\\/pack-panuelo-multiposiciones-gorro-provence-blue\\\/\"]}]},{\"@type\":\"ImageObject\",\"inLanguage\":\"en-US\",\"@id\":\"https:\\\/\\\/fromsunwithlove.com\\\/en\\\/product\\\/pack-panuelo-multiposiciones-gorro-provence-blue\\\/#primaryimage\",\"url\":\"https:\\\/\\\/fromsunwithlove.com\\\/wp-content\\\/uploads\\\/2024\\\/12\\\/PACK-GORRO_bucket_UPF50_liso-azul-provence-PANUELO.webp\",\"contentUrl\":\"https:\\\/\\\/fromsunwithlove.com\\\/wp-content\\\/uploads\\\/2024\\\/12\\\/PACK-GORRO_bucket_UPF50_liso-azul-provence-PANUELO.webp\",\"width\":800,\"height\":1137,\"caption\":\"modelo sentada con gorro y pa\u00f1uelo\"},{\"@type\":\"BreadcrumbList\",\"@id\":\"https:\\\/\\\/fromsunwithlove.com\\\/en\\\/product\\\/pack-panuelo-multiposiciones-gorro-provence-blue\\\/#breadcrumb\",\"itemListElement\":[{\"@type\":\"ListItem\",\"position\":1,\"name\":\"Portada\",\"item\":\"https:\\\/\\\/fromsunwithlove.com\\\/en\\\/\"},{\"@type\":\"ListItem\",\"position\":2,\"name\":\"Sun protection clothing store\",\"item\":\"https:\\\/\\\/fromsunwithlove.com\\\/en\\\/shop-online\\\/\"},{\"@type\":\"ListItem\",\"position\":3,\"name\":\"Pack Pa\u00f1uelo multiposiciones + Gorro Provence Bleu\"}]},{\"@type\":\"WebSite\",\"@id\":\"https:\\\/\\\/fromsunwithlove.com\\\/en\\\/#website\",\"url\":\"https:\\\/\\\/fromsunwithlove.com\\\/en\\\/\",\"name\":\"FromSunWithLove\",\"description\":\"Ropa de Protecci\u00f3n Solar para Ni\u00f1os y Mujer\",\"publisher\":{\"@id\":\"https:\\\/\\\/fromsunwithlove.com\\\/en\\\/#organization\"},\"potentialAction\":[{\"@type\":\"SearchAction\",\"target\":{\"@type\":\"EntryPoint\",\"urlTemplate\":\"https:\\\/\\\/fromsunwithlove.com\\\/en\\\/?s={search_term_string}\"},\"query-input\":{\"@type\":\"PropertyValueSpecification\",\"valueRequired\":true,\"valueName\":\"search_term_string\"}}],\"inLanguage\":\"en-US\"},{\"@type\":\"Organization\",\"@id\":\"https:\\\/\\\/fromsunwithlove.com\\\/en\\\/#organization\",\"name\":\"FROM SUN WITH LOVE\",\"url\":\"https:\\\/\\\/fromsunwithlove.com\\\/en\\\/\",\"logo\":{\"@type\":\"ImageObject\",\"inLanguage\":\"en-US\",\"@id\":\"https:\\\/\\\/fromsunwithlove.com\\\/en\\\/#\\\/schema\\\/logo\\\/image\\\/\",\"url\":\"https:\\\/\\\/fromsunwithlove.com\\\/wp-content\\\/uploads\\\/2019\\\/05\\\/LOGO-SVG-Expand@72x.svg\",\"contentUrl\":\"https:\\\/\\\/fromsunwithlove.com\\\/wp-content\\\/uploads\\\/2019\\\/05\\\/LOGO-SVG-Expand@72x.svg\",\"width\":716,\"height\":37,\"caption\":\"FROM SUN WITH LOVE\"},\"image\":{\"@id\":\"https:\\\/\\\/fromsunwithlove.com\\\/en\\\/#\\\/schema\\\/logo\\\/image\\\/\"},\"sameAs\":[\"https:\\\/\\\/www.facebook.com\\\/fromsunwithlove\\\/\",\"https:\\\/\\\/www.instagram.com\\\/fromsun_withlove\\\/\",\"https:\\\/\\\/www.linkedin.com\\\/in\\\/evazorzo\\\/\",\"https:\\\/\\\/www.pinterest.es\\\/FromSunWithLove\\\/\",\"https:\\\/\\\/www.youtube.com\\\/channel\\\/UCS_lI5TbbpdaQgLsf7TSzcg\"]}]}<\/script>\n<!-- \/ Yoast SEO plugin. -->","yoast_head_json":{"title":"Pack Pa\u00f1uelo multiposiciones + Gorro Provence Bleu - FromSunWithLove","description":"Un pack exclusivo de protecci\u00f3n solar para regalar el D\u00eda de la Madre","robots":{"index":"index","follow":"follow","max-snippet":"max-snippet:-1","max-image-preview":"max-image-preview:large","max-video-preview":"max-video-preview:-1"},"canonical":"https:\/\/fromsunwithlove.com\/en\/product\/pack-panuelo-multiposiciones-gorro-provence-blue\/","og_locale":"en_US","og_type":"article","og_title":"Pack Pa\u00f1uelo multiposiciones + Gorro Provence Bleu - FromSunWithLove","og_description":"Un pack exclusivo de protecci\u00f3n solar para regalar el D\u00eda de la Madre","og_url":"https:\/\/fromsunwithlove.com\/en\/product\/pack-panuelo-multiposiciones-gorro-provence-blue\/","og_site_name":"FromSunWithLove","article_publisher":"https:\/\/www.facebook.com\/fromsunwithlove\/","article_modified_time":"2025-11-21T20:12:49+00:00","og_image":[{"width":800,"height":1137,"url":"https:\/\/fromsunwithlove.com\/wp-content\/uploads\/2024\/12\/PACK-GORRO_bucket_UPF50_liso-azul-provence-PANUELO.webp","type":"image\/webp"}],"twitter_card":"summary_large_image","twitter_misc":{"Est. reading time":"1 minute"},"schema":{"@context":"https:\/\/schema.org","@graph":[{"@type":"WebPage","@id":"https:\/\/fromsunwithlove.com\/en\/product\/pack-panuelo-multiposiciones-gorro-provence-blue\/","url":"https:\/\/fromsunwithlove.com\/en\/product\/pack-panuelo-multiposiciones-gorro-provence-blue\/","name":"Pack Pa\u00f1uelo multiposiciones + Gorro Provence Bleu - FromSunWithLove","isPartOf":{"@id":"https:\/\/fromsunwithlove.com\/en\/#website"},"primaryImageOfPage":{"@id":"https:\/\/fromsunwithlove.com\/en\/product\/pack-panuelo-multiposiciones-gorro-provence-blue\/#primaryimage"},"image":{"@id":"https:\/\/fromsunwithlove.com\/en\/product\/pack-panuelo-multiposiciones-gorro-provence-blue\/#primaryimage"},"thumbnailUrl":"https:\/\/fromsunwithlove.com\/wp-content\/uploads\/2024\/12\/PACK-GORRO_bucket_UPF50_liso-azul-provence-PANUELO.webp","datePublished":"2024-12-13T16:46:27+00:00","dateModified":"2025-11-21T20:12:49+00:00","description":"Un pack exclusivo de protecci\u00f3n solar para regalar el D\u00eda de la Madre","breadcrumb":{"@id":"https:\/\/fromsunwithlove.com\/en\/product\/pack-panuelo-multiposiciones-gorro-provence-blue\/#breadcrumb"},"inLanguage":"en-US","potentialAction":[{"@type":"ReadAction","target":["https:\/\/fromsunwithlove.com\/en\/product\/pack-panuelo-multiposiciones-gorro-provence-blue\/"]}]},{"@type":"ImageObject","inLanguage":"en-US","@id":"https:\/\/fromsunwithlove.com\/en\/product\/pack-panuelo-multiposiciones-gorro-provence-blue\/#primaryimage","url":"https:\/\/fromsunwithlove.com\/wp-content\/uploads\/2024\/12\/PACK-GORRO_bucket_UPF50_liso-azul-provence-PANUELO.webp","contentUrl":"https:\/\/fromsunwithlove.com\/wp-content\/uploads\/2024\/12\/PACK-GORRO_bucket_UPF50_liso-azul-provence-PANUELO.webp","width":800,"height":1137,"caption":"modelo sentada con gorro y pa\u00f1uelo"},{"@type":"BreadcrumbList","@id":"https:\/\/fromsunwithlove.com\/en\/product\/pack-panuelo-multiposiciones-gorro-provence-blue\/#breadcrumb","itemListElement":[{"@type":"ListItem","position":1,"name":"Portada","item":"https:\/\/fromsunwithlove.com\/en\/"},{"@type":"ListItem","position":2,"name":"Sun protection clothing store","item":"https:\/\/fromsunwithlove.com\/en\/shop-online\/"},{"@type":"ListItem","position":3,"name":"Pack Pa\u00f1uelo multiposiciones + Gorro Provence Bleu"}]},{"@type":"WebSite","@id":"https:\/\/fromsunwithlove.com\/en\/#website","url":"https:\/\/fromsunwithlove.com\/en\/","name":"FromSunWithLove","description":"Ropa de Protecci\u00f3n Solar para Ni\u00f1os y Mujer","publisher":{"@id":"https:\/\/fromsunwithlove.com\/en\/#organization"},"potentialAction":[{"@type":"SearchAction","target":{"@type":"EntryPoint","urlTemplate":"https:\/\/fromsunwithlove.com\/en\/?s={search_term_string}"},"query-input":{"@type":"PropertyValueSpecification","valueRequired":true,"valueName":"search_term_string"}}],"inLanguage":"en-US"},{"@type":"Organization","@id":"https:\/\/fromsunwithlove.com\/en\/#organization","name":"FROM SUN WITH LOVE","url":"https:\/\/fromsunwithlove.com\/en\/","logo":{"@type":"ImageObject","inLanguage":"en-US","@id":"https:\/\/fromsunwithlove.com\/en\/#\/schema\/logo\/image\/","url":"https:\/\/fromsunwithlove.com\/wp-content\/uploads\/2019\/05\/LOGO-SVG-Expand@72x.svg","contentUrl":"https:\/\/fromsunwithlove.com\/wp-content\/uploads\/2019\/05\/LOGO-SVG-Expand@72x.svg","width":716,"height":37,"caption":"FROM SUN WITH LOVE"},"image":{"@id":"https:\/\/fromsunwithlove.com\/en\/#\/schema\/logo\/image\/"},"sameAs":["https:\/\/www.facebook.com\/fromsunwithlove\/","https:\/\/www.instagram.com\/fromsun_withlove\/","https:\/\/www.linkedin.com\/in\/evazorzo\/","https:\/\/www.pinterest.es\/FromSunWithLove\/","https:\/\/www.youtube.com\/channel\/UCS_lI5TbbpdaQgLsf7TSzcg"]}]}},"_links":{"self":[{"href":"https:\/\/fromsunwithlove.com\/en\/wp-json\/wp\/v2\/product\/14548","targetHints":{"allow":["GET"]}}],"collection":[{"href":"https:\/\/fromsunwithlove.com\/en\/wp-json\/wp\/v2\/product"}],"about":[{"href":"https:\/\/fromsunwithlove.com\/en\/wp-json\/wp\/v2\/types\/product"}],"wp:featuredmedia":[{"embeddable":true,"href":"https:\/\/fromsunwithlove.com\/en\/wp-json\/wp\/v2\/media\/34481"}],"wp:attachment":[{"href":"https:\/\/fromsunwithlove.com\/en\/wp-json\/wp\/v2\/media?parent=14548"}],"wp:term":[{"taxonomy":"product_brand","embeddable":true,"href":"https:\/\/fromsunwithlove.com\/en\/wp-json\/wp\/v2\/product_brand?post=14548"},{"taxonomy":"product_cat","embeddable":true,"href":"https:\/\/fromsunwithlove.com\/en\/wp-json\/wp\/v2\/product_cat?post=14548"},{"taxonomy":"product_tag","embeddable":true,"href":"https:\/\/fromsunwithlove.com\/en\/wp-json\/wp\/v2\/product_tag?post=14548"}],"curies":[{"name":"wp","href":"https:\/\/api.w.org\/{rel}","templated":true}]}}