{"id":13615,"date":"2024-04-07T23:29:22","date_gmt":"2024-04-07T21:29:22","guid":{"rendered":"https:\/\/fromsunwithlove.com\/product\/scarf-upf50-provence-fichu\/"},"modified":"2026-04-09T10:42:48","modified_gmt":"2026-04-09T08:42:48","slug":"scarf-upf50-provence-fichu","status":"publish","type":"product","link":"https:\/\/fromsunwithlove.com\/en\/product\/scarf-upf50-provence-fichu\/","title":{"rendered":"Scarf UPF50+ Provence &#8211; Fichu"},"content":{"rendered":"<ul>\n<li>Measurements 70x70cm<\/li>\n<li>Certified with the highest sun protection UPF50+ by AATCC (American Association of Textile Chemists and Colorists) UV 183- 1998<\/li>\n<li>Soft and lightweight fabric. Made of REPREVE\u00ae 100% regenerated fiber from post-consumer bottles.<\/li>\n<li>Made in Spain by companies and people with sustainable businesses and decent working conditions.<\/li>\n<li>Unify\u00ae certified by Repreve\u00ae, a guarantee of skin- and environment-friendly textiles<\/li>\n<li>Shipments 24-48 hours, we work with MRW one of the best couriers so that your order arrives on time and in perfect condition to your hands (shipments in peninsula).<\/li>\n<\/ul>\n<p><b>Composition<\/b>:<\/p>\n<ul>\n<li>87% recycled polyester from post-consumer bottles. 13% elastane.<\/li>\n<li>Machine washable up to 30\u00ba, but we recommend hand washing with neutral soap. Soft iron. If you get it wet in the sea or pool, rinse it afterwards with warm water and let it dry, not directly in the sun. Never store it wet.<\/li>\n<\/ul>\n","protected":false},"excerpt":{"rendered":"<p>A <em>fichu<\/em> is a square handkerchief, which is folded diagonally and worn over the shoulders. Rescued from the most traditional Proven\u00e7al clothing, we have incorporated it into our repertoire of sun protection garments and we believe it is going to be a favorite. Wear it over the shoulders, knotted at the neck, on the head in the purest British style, as a bandana, tied to the bag&#8230; You already know that it will protect your skin or hair from ultraviolet radiation, but you will also be wearing a must-have accessory that will give you lots and lots of style. Combine it with maxi sunglasses and success is guaranteed.<\/p>\n<p>From Sun With Love exclusive garment to protect you from ultraviolet radiation with maximum design and comfort.<\/p>\n<p><span style=\"color: #ff6600;\"><strong>GIFT!!!*<\/strong> With the new <em>\u00c9t\u00e9 Proven\u00e7al<\/em> collection, get a free gift too! When you purchase any garment from the new collection, we will send you a lavender sachet made of Proven\u00e7al fabric from a traditional &#8220;lavanderie&#8221; where a family has been working for generations! Put the sachet in your closet and you will see how good your clothes smell when you put them on \ud83d\ude42<span class=\"Apple-converted-space\">  <\/span><em>*Valid while supplies last.<\/em><\/span><\/p>\n","protected":false},"featured_media":32973,"template":"","meta":[],"product_brand":[],"product_cat":[226,340,229],"product_tag":[200,203,344],"class_list":{"0":"post-13615","1":"product","2":"type-product","3":"status-publish","4":"has-post-thumbnail","6":"product_cat-buy-women","7":"product_cat-ete-provencal-en","8":"product_cat-scarves","9":"product_tag-pareo-en","10":"product_tag-poncho-en","11":"product_tag-upfclothing-en","12":"product_shipping_class-standard","14":"first","15":"outofstock","16":"taxable","17":"shipping-taxable","18":"purchasable","19":"product-type-simple"},"yoast_head":"<!-- This site is optimized with the Yoast SEO plugin v27.3 - https:\/\/yoast.com\/product\/yoast-seo-wordpress\/ -->\n<title>Scarf UPF50+ Provence - Fichu - FromSunWithLove<\/title>\n<meta name=\"description\" content=\"UPF50+ sun protection scarf. On the shoulders, knotted at the neck, on the head in the purest British style, as a bandana... Made in Spain.\" \/>\n<meta name=\"robots\" content=\"index, follow, max-snippet:-1, max-image-preview:large, max-video-preview:-1\" \/>\n<link rel=\"canonical\" href=\"https:\/\/fromsunwithlove.com\/en\/product\/scarf-upf50-provence-fichu\/\" \/>\n<meta property=\"og:locale\" content=\"en_US\" \/>\n<meta property=\"og:type\" content=\"article\" \/>\n<meta property=\"og:title\" content=\"Scarf UPF50+ Provence - Fichu - FromSunWithLove\" \/>\n<meta property=\"og:description\" content=\"UPF50+ sun protection scarf. On the shoulders, knotted at the neck, on the head in the purest British style, as a bandana... Made in Spain.\" \/>\n<meta property=\"og:url\" content=\"https:\/\/fromsunwithlove.com\/en\/product\/scarf-upf50-provence-fichu\/\" \/>\n<meta property=\"og:site_name\" content=\"FromSunWithLove\" \/>\n<meta property=\"article:publisher\" content=\"https:\/\/www.facebook.com\/fromsunwithlove\/\" \/>\n<meta property=\"article:modified_time\" content=\"2026-04-09T08:42:48+00:00\" \/>\n<meta property=\"og:image\" content=\"https:\/\/fromsunwithlove.com\/wp-content\/uploads\/2024\/04\/panuelo-fichu-provence-UPF50-fromsunwithlove1.webp\" \/>\n\t<meta property=\"og:image:width\" content=\"1264\" \/>\n\t<meta property=\"og:image:height\" content=\"1906\" \/>\n\t<meta property=\"og:image:type\" content=\"image\/webp\" \/>\n<meta name=\"twitter:card\" content=\"summary_large_image\" \/>\n<meta name=\"twitter:label1\" content=\"Est. reading time\" \/>\n\t<meta name=\"twitter:data1\" content=\"1 minute\" \/>\n<script type=\"application\/ld+json\" class=\"yoast-schema-graph\">{\"@context\":\"https:\\\/\\\/schema.org\",\"@graph\":[{\"@type\":\"WebPage\",\"@id\":\"https:\\\/\\\/fromsunwithlove.com\\\/en\\\/product\\\/scarf-upf50-provence-fichu\\\/\",\"url\":\"https:\\\/\\\/fromsunwithlove.com\\\/en\\\/product\\\/scarf-upf50-provence-fichu\\\/\",\"name\":\"Scarf UPF50+ Provence - Fichu - FromSunWithLove\",\"isPartOf\":{\"@id\":\"https:\\\/\\\/fromsunwithlove.com\\\/en\\\/#website\"},\"primaryImageOfPage\":{\"@id\":\"https:\\\/\\\/fromsunwithlove.com\\\/en\\\/product\\\/scarf-upf50-provence-fichu\\\/#primaryimage\"},\"image\":{\"@id\":\"https:\\\/\\\/fromsunwithlove.com\\\/en\\\/product\\\/scarf-upf50-provence-fichu\\\/#primaryimage\"},\"thumbnailUrl\":\"https:\\\/\\\/fromsunwithlove.com\\\/wp-content\\\/uploads\\\/2024\\\/04\\\/Panuelito_fichu_provence_fromsunwithlove8.webp\",\"datePublished\":\"2024-04-07T21:29:22+00:00\",\"dateModified\":\"2026-04-09T08:42:48+00:00\",\"description\":\"UPF50+ sun protection scarf. On the shoulders, knotted at the neck, on the head in the purest British style, as a bandana... Made in Spain.\",\"breadcrumb\":{\"@id\":\"https:\\\/\\\/fromsunwithlove.com\\\/en\\\/product\\\/scarf-upf50-provence-fichu\\\/#breadcrumb\"},\"inLanguage\":\"en-US\",\"potentialAction\":[{\"@type\":\"ReadAction\",\"target\":[\"https:\\\/\\\/fromsunwithlove.com\\\/en\\\/product\\\/scarf-upf50-provence-fichu\\\/\"]}]},{\"@type\":\"ImageObject\",\"inLanguage\":\"en-US\",\"@id\":\"https:\\\/\\\/fromsunwithlove.com\\\/en\\\/product\\\/scarf-upf50-provence-fichu\\\/#primaryimage\",\"url\":\"https:\\\/\\\/fromsunwithlove.com\\\/wp-content\\\/uploads\\\/2024\\\/04\\\/Panuelito_fichu_provence_fromsunwithlove8.webp\",\"contentUrl\":\"https:\\\/\\\/fromsunwithlove.com\\\/wp-content\\\/uploads\\\/2024\\\/04\\\/Panuelito_fichu_provence_fromsunwithlove8.webp\",\"width\":800,\"height\":1200,\"caption\":\"pa\u00f1uelo provence\"},{\"@type\":\"BreadcrumbList\",\"@id\":\"https:\\\/\\\/fromsunwithlove.com\\\/en\\\/product\\\/scarf-upf50-provence-fichu\\\/#breadcrumb\",\"itemListElement\":[{\"@type\":\"ListItem\",\"position\":1,\"name\":\"Portada\",\"item\":\"https:\\\/\\\/fromsunwithlove.com\\\/en\\\/\"},{\"@type\":\"ListItem\",\"position\":2,\"name\":\"Sun protection clothing store\",\"item\":\"https:\\\/\\\/fromsunwithlove.com\\\/en\\\/shop-online\\\/\"},{\"@type\":\"ListItem\",\"position\":3,\"name\":\"Scarf UPF50+ Provence &#8211; Fichu\"}]},{\"@type\":\"WebSite\",\"@id\":\"https:\\\/\\\/fromsunwithlove.com\\\/en\\\/#website\",\"url\":\"https:\\\/\\\/fromsunwithlove.com\\\/en\\\/\",\"name\":\"FromSunWithLove\",\"description\":\"Ropa de Protecci\u00f3n Solar para Ni\u00f1os y Mujer\",\"publisher\":{\"@id\":\"https:\\\/\\\/fromsunwithlove.com\\\/en\\\/#organization\"},\"potentialAction\":[{\"@type\":\"SearchAction\",\"target\":{\"@type\":\"EntryPoint\",\"urlTemplate\":\"https:\\\/\\\/fromsunwithlove.com\\\/en\\\/?s={search_term_string}\"},\"query-input\":{\"@type\":\"PropertyValueSpecification\",\"valueRequired\":true,\"valueName\":\"search_term_string\"}}],\"inLanguage\":\"en-US\"},{\"@type\":\"Organization\",\"@id\":\"https:\\\/\\\/fromsunwithlove.com\\\/en\\\/#organization\",\"name\":\"FROM SUN WITH LOVE\",\"url\":\"https:\\\/\\\/fromsunwithlove.com\\\/en\\\/\",\"logo\":{\"@type\":\"ImageObject\",\"inLanguage\":\"en-US\",\"@id\":\"https:\\\/\\\/fromsunwithlove.com\\\/en\\\/#\\\/schema\\\/logo\\\/image\\\/\",\"url\":\"https:\\\/\\\/fromsunwithlove.com\\\/wp-content\\\/uploads\\\/2019\\\/05\\\/LOGO-SVG-Expand@72x.svg\",\"contentUrl\":\"https:\\\/\\\/fromsunwithlove.com\\\/wp-content\\\/uploads\\\/2019\\\/05\\\/LOGO-SVG-Expand@72x.svg\",\"width\":716,\"height\":37,\"caption\":\"FROM SUN WITH LOVE\"},\"image\":{\"@id\":\"https:\\\/\\\/fromsunwithlove.com\\\/en\\\/#\\\/schema\\\/logo\\\/image\\\/\"},\"sameAs\":[\"https:\\\/\\\/www.facebook.com\\\/fromsunwithlove\\\/\",\"https:\\\/\\\/www.instagram.com\\\/fromsun_withlove\\\/\",\"https:\\\/\\\/www.linkedin.com\\\/in\\\/evazorzo\\\/\",\"https:\\\/\\\/www.pinterest.es\\\/FromSunWithLove\\\/\",\"https:\\\/\\\/www.youtube.com\\\/channel\\\/UCS_lI5TbbpdaQgLsf7TSzcg\"]}]}<\/script>\n<!-- \/ Yoast SEO plugin. -->","yoast_head_json":{"title":"Scarf UPF50+ Provence - Fichu - FromSunWithLove","description":"UPF50+ sun protection scarf. On the shoulders, knotted at the neck, on the head in the purest British style, as a bandana... Made in Spain.","robots":{"index":"index","follow":"follow","max-snippet":"max-snippet:-1","max-image-preview":"max-image-preview:large","max-video-preview":"max-video-preview:-1"},"canonical":"https:\/\/fromsunwithlove.com\/en\/product\/scarf-upf50-provence-fichu\/","og_locale":"en_US","og_type":"article","og_title":"Scarf UPF50+ Provence - Fichu - FromSunWithLove","og_description":"UPF50+ sun protection scarf. On the shoulders, knotted at the neck, on the head in the purest British style, as a bandana... Made in Spain.","og_url":"https:\/\/fromsunwithlove.com\/en\/product\/scarf-upf50-provence-fichu\/","og_site_name":"FromSunWithLove","article_publisher":"https:\/\/www.facebook.com\/fromsunwithlove\/","article_modified_time":"2026-04-09T08:42:48+00:00","og_image":[{"width":1264,"height":1906,"url":"https:\/\/fromsunwithlove.com\/wp-content\/uploads\/2024\/04\/panuelo-fichu-provence-UPF50-fromsunwithlove1.webp","type":"image\/webp"}],"twitter_card":"summary_large_image","twitter_misc":{"Est. reading time":"1 minute"},"schema":{"@context":"https:\/\/schema.org","@graph":[{"@type":"WebPage","@id":"https:\/\/fromsunwithlove.com\/en\/product\/scarf-upf50-provence-fichu\/","url":"https:\/\/fromsunwithlove.com\/en\/product\/scarf-upf50-provence-fichu\/","name":"Scarf UPF50+ Provence - Fichu - FromSunWithLove","isPartOf":{"@id":"https:\/\/fromsunwithlove.com\/en\/#website"},"primaryImageOfPage":{"@id":"https:\/\/fromsunwithlove.com\/en\/product\/scarf-upf50-provence-fichu\/#primaryimage"},"image":{"@id":"https:\/\/fromsunwithlove.com\/en\/product\/scarf-upf50-provence-fichu\/#primaryimage"},"thumbnailUrl":"https:\/\/fromsunwithlove.com\/wp-content\/uploads\/2024\/04\/Panuelito_fichu_provence_fromsunwithlove8.webp","datePublished":"2024-04-07T21:29:22+00:00","dateModified":"2026-04-09T08:42:48+00:00","description":"UPF50+ sun protection scarf. On the shoulders, knotted at the neck, on the head in the purest British style, as a bandana... Made in Spain.","breadcrumb":{"@id":"https:\/\/fromsunwithlove.com\/en\/product\/scarf-upf50-provence-fichu\/#breadcrumb"},"inLanguage":"en-US","potentialAction":[{"@type":"ReadAction","target":["https:\/\/fromsunwithlove.com\/en\/product\/scarf-upf50-provence-fichu\/"]}]},{"@type":"ImageObject","inLanguage":"en-US","@id":"https:\/\/fromsunwithlove.com\/en\/product\/scarf-upf50-provence-fichu\/#primaryimage","url":"https:\/\/fromsunwithlove.com\/wp-content\/uploads\/2024\/04\/Panuelito_fichu_provence_fromsunwithlove8.webp","contentUrl":"https:\/\/fromsunwithlove.com\/wp-content\/uploads\/2024\/04\/Panuelito_fichu_provence_fromsunwithlove8.webp","width":800,"height":1200,"caption":"pa\u00f1uelo provence"},{"@type":"BreadcrumbList","@id":"https:\/\/fromsunwithlove.com\/en\/product\/scarf-upf50-provence-fichu\/#breadcrumb","itemListElement":[{"@type":"ListItem","position":1,"name":"Portada","item":"https:\/\/fromsunwithlove.com\/en\/"},{"@type":"ListItem","position":2,"name":"Sun protection clothing store","item":"https:\/\/fromsunwithlove.com\/en\/shop-online\/"},{"@type":"ListItem","position":3,"name":"Scarf UPF50+ Provence &#8211; Fichu"}]},{"@type":"WebSite","@id":"https:\/\/fromsunwithlove.com\/en\/#website","url":"https:\/\/fromsunwithlove.com\/en\/","name":"FromSunWithLove","description":"Ropa de Protecci\u00f3n Solar para Ni\u00f1os y Mujer","publisher":{"@id":"https:\/\/fromsunwithlove.com\/en\/#organization"},"potentialAction":[{"@type":"SearchAction","target":{"@type":"EntryPoint","urlTemplate":"https:\/\/fromsunwithlove.com\/en\/?s={search_term_string}"},"query-input":{"@type":"PropertyValueSpecification","valueRequired":true,"valueName":"search_term_string"}}],"inLanguage":"en-US"},{"@type":"Organization","@id":"https:\/\/fromsunwithlove.com\/en\/#organization","name":"FROM SUN WITH LOVE","url":"https:\/\/fromsunwithlove.com\/en\/","logo":{"@type":"ImageObject","inLanguage":"en-US","@id":"https:\/\/fromsunwithlove.com\/en\/#\/schema\/logo\/image\/","url":"https:\/\/fromsunwithlove.com\/wp-content\/uploads\/2019\/05\/LOGO-SVG-Expand@72x.svg","contentUrl":"https:\/\/fromsunwithlove.com\/wp-content\/uploads\/2019\/05\/LOGO-SVG-Expand@72x.svg","width":716,"height":37,"caption":"FROM SUN WITH LOVE"},"image":{"@id":"https:\/\/fromsunwithlove.com\/en\/#\/schema\/logo\/image\/"},"sameAs":["https:\/\/www.facebook.com\/fromsunwithlove\/","https:\/\/www.instagram.com\/fromsun_withlove\/","https:\/\/www.linkedin.com\/in\/evazorzo\/","https:\/\/www.pinterest.es\/FromSunWithLove\/","https:\/\/www.youtube.com\/channel\/UCS_lI5TbbpdaQgLsf7TSzcg"]}]}},"_links":{"self":[{"href":"https:\/\/fromsunwithlove.com\/en\/wp-json\/wp\/v2\/product\/13615","targetHints":{"allow":["GET"]}}],"collection":[{"href":"https:\/\/fromsunwithlove.com\/en\/wp-json\/wp\/v2\/product"}],"about":[{"href":"https:\/\/fromsunwithlove.com\/en\/wp-json\/wp\/v2\/types\/product"}],"wp:featuredmedia":[{"embeddable":true,"href":"https:\/\/fromsunwithlove.com\/en\/wp-json\/wp\/v2\/media\/32973"}],"wp:attachment":[{"href":"https:\/\/fromsunwithlove.com\/en\/wp-json\/wp\/v2\/media?parent=13615"}],"wp:term":[{"taxonomy":"product_brand","embeddable":true,"href":"https:\/\/fromsunwithlove.com\/en\/wp-json\/wp\/v2\/product_brand?post=13615"},{"taxonomy":"product_cat","embeddable":true,"href":"https:\/\/fromsunwithlove.com\/en\/wp-json\/wp\/v2\/product_cat?post=13615"},{"taxonomy":"product_tag","embeddable":true,"href":"https:\/\/fromsunwithlove.com\/en\/wp-json\/wp\/v2\/product_tag?post=13615"}],"curies":[{"name":"wp","href":"https:\/\/api.w.org\/{rel}","templated":true}]}}