{"id":13613,"date":"2024-04-08T10:02:20","date_gmt":"2024-04-08T08:02:20","guid":{"rendered":"https:\/\/fromsunwithlove.com\/product\/provence-multiposition-upf50-scarf-citron-yellow\/"},"modified":"2025-07-01T13:35:00","modified_gmt":"2025-07-01T11:35:00","slug":"provence-multiposition-upf50-scarf-citron-yellow","status":"publish","type":"product","link":"https:\/\/fromsunwithlove.com\/en\/product\/provence-multiposition-upf50-scarf-citron-yellow\/","title":{"rendered":"Provence Multiposition UPF50+ Scarf &#8211; Citron Yellow"},"content":{"rendered":"<ul>\n<li>Certified with maximum sun protection UPF50+ by AS\/NZS 4399-2017 Australian New Zealand Standard.<\/li>\n<li>Measurements 72x150cm<\/li>\n<li>It has 4 small transparent snap-locks for different positions<\/li>\n<li>Soft and lightweight fabric. Made of ECONYL\u00ae 100% nylon fiber regenerated from fishing nets and other nylon waste.<\/li>\n<li>Made in Spain by companies and people with sustainable businesses and decent working conditions.<\/li>\n<li>OEKO-TEX\u00ae certification, a guarantee of textiles that respect the skin and the environment<\/li>\n<li>Shipments 24-48 hours, we work with MRW one of the best couriers so that your order arrives on time and in perfect condition to your hands (shipments in peninsula).<\/li>\n<\/ul>\n<p><b>Composition<\/b>:<\/p>\n<ul>\n<li>82% ECONYL\u00ae regenerated naylon. 18% Elastane.<\/li>\n<li>Machine washable up to 40\u00ba, but we recommend hand washing with neutral soap. Soft iron. If you get it wet in the sea or pool, rinse it afterwards with warm water and let it dry, not directly in the sun. Never store it wet.<\/li>\n<\/ul>\n","protected":false},"excerpt":{"rendered":"<p class=\"p1\">Wrapped around <strong>the neck<\/strong>, <strong>jacket<\/strong> style, <strong>poncho<\/strong>, <strong>pareo<\/strong>&#8230; Infinite positions for you to choose which parts of your body to protect at any time. Blocks 98% of the sun&#8217;s UVA and UVB rays. Carrying the scarf with you everywhere ensures you&#8217;ll never again burn your shoulders or d\u00e9colletage, eliminating the risk to your skin&#8217;s health and beauty. Wear it on all occasions for the beach, the city&#8230;<\/p>\n<p class=\"p1\">It has 4 small transparent snaps that you can fasten for different positions. I&#8217;m sure you&#8217;ll find many, many more ways to wear it! With an exclusive print for the brand from the new <strong>&#8220;Et\u00e9 proven\u00e7al&#8221;<\/strong> collection. Inspired by traditional Proven\u00e7al prints, the <em>citron<\/em> yellow hue, slightly mustard undertones, embodies the essence of light and happiness. Embrace bold looks while maintaining elegance. Oh, and it does not resist any skin tone.<\/p>\n<p>And it&#8217;s also a versatile piece\u2014you can use it to cover your baby, provide temporary coverage for the little ones, or even place it on the rear car windows to shield passengers from direct sunlight&#8230; It has countless uses\u2014see for yourself! If you go through our Instagram you can see all the utilities that you tell us yourselves!<\/p>\n<p>Tejido extra suave, ligero y transpirable. Fabricado con una de las fibras recicladas de mayor calidad del mercado: el hilo ECONYL Made with ECONYL\u00ae yarn, 100% regenerated nylon fiber from fishing nets and other nylon waste.<\/p>\n<p>From Sun With Love exclusive garment to protect you from ultraviolet radiation with maximum design and comfort.<\/p>\n<p><em>\u00ae Registered design.<\/em><\/p>\n<p><span style=\"color: #ff6600;\"><strong>GIFT!!!*<\/strong> With the new <em>\u00c9t\u00e9 Proven\u00e7al<\/em> collection, get a free gift too! When you purchase any garment from the new collection, we will send you a lavender sachet made of Proven\u00e7al fabric from a traditional &#8220;lavanderie&#8221; where a family has been working for generations! Place the sachet in your closet and you will see how good your clothes smell when you put them on.<span class=\"Apple-converted-space\">  <\/span><em>*Valid while supplies last.<\/em><\/span><\/p>\n","protected":false},"featured_media":13362,"template":"","meta":[],"product_brand":[],"product_cat":[226],"product_tag":[200,203],"class_list":{"0":"post-13613","1":"product","2":"type-product","3":"status-publish","4":"has-post-thumbnail","6":"product_cat-buy-women","7":"product_tag-pareo-en","8":"product_tag-poncho-en","10":"first","11":"outofstock","12":"featured","13":"taxable","14":"shipping-taxable","15":"purchasable","16":"product-type-simple"},"yoast_head":"<!-- This site is optimized with the Yoast SEO plugin v27.3 - https:\/\/yoast.com\/product\/yoast-seo-wordpress\/ -->\n<title>Provence Multiposition UPF50+ Scarf - Citron Yellow - FromSunWithLove<\/title>\n<meta name=\"description\" content=\"UPF50+ sun protection foulard scarf. Multi-positions, poncho, jacket, collar, pareo... Very soft recycled fabric. Made in Spain.\" \/>\n<meta name=\"robots\" content=\"index, follow, max-snippet:-1, max-image-preview:large, max-video-preview:-1\" \/>\n<link rel=\"canonical\" href=\"https:\/\/fromsunwithlove.com\/en\/product\/provence-multiposition-upf50-scarf-citron-yellow\/\" \/>\n<meta property=\"og:locale\" content=\"en_US\" \/>\n<meta property=\"og:type\" content=\"article\" \/>\n<meta property=\"og:title\" content=\"Provence Multiposition UPF50+ Scarf - Citron Yellow - FromSunWithLove\" \/>\n<meta property=\"og:description\" content=\"UPF50+ sun protection foulard scarf. Multi-positions, poncho, jacket, collar, pareo... Very soft recycled fabric. Made in Spain.\" \/>\n<meta property=\"og:url\" content=\"https:\/\/fromsunwithlove.com\/en\/product\/provence-multiposition-upf50-scarf-citron-yellow\/\" \/>\n<meta property=\"og:site_name\" content=\"FromSunWithLove\" \/>\n<meta property=\"article:publisher\" content=\"https:\/\/www.facebook.com\/fromsunwithlove\/\" \/>\n<meta property=\"article:modified_time\" content=\"2025-07-01T11:35:00+00:00\" \/>\n<meta property=\"og:image\" content=\"https:\/\/fromsunwithlove.com\/wp-content\/uploads\/2024\/04\/panuelo-UPF50-multiposiciones-provence-amarillo-fromsunwithlove1.webp\" \/>\n\t<meta property=\"og:image:width\" content=\"1280\" \/>\n\t<meta property=\"og:image:height\" content=\"1920\" \/>\n\t<meta property=\"og:image:type\" content=\"image\/webp\" \/>\n<meta name=\"twitter:card\" content=\"summary_large_image\" \/>\n<meta name=\"twitter:label1\" content=\"Est. reading time\" \/>\n\t<meta name=\"twitter:data1\" content=\"1 minute\" \/>\n<script type=\"application\/ld+json\" class=\"yoast-schema-graph\">{\"@context\":\"https:\\\/\\\/schema.org\",\"@graph\":[{\"@type\":\"WebPage\",\"@id\":\"https:\\\/\\\/fromsunwithlove.com\\\/en\\\/product\\\/provence-multiposition-upf50-scarf-citron-yellow\\\/\",\"url\":\"https:\\\/\\\/fromsunwithlove.com\\\/en\\\/product\\\/provence-multiposition-upf50-scarf-citron-yellow\\\/\",\"name\":\"Provence Multiposition UPF50+ Scarf - Citron Yellow - FromSunWithLove\",\"isPartOf\":{\"@id\":\"https:\\\/\\\/fromsunwithlove.com\\\/en\\\/#website\"},\"primaryImageOfPage\":{\"@id\":\"https:\\\/\\\/fromsunwithlove.com\\\/en\\\/product\\\/provence-multiposition-upf50-scarf-citron-yellow\\\/#primaryimage\"},\"image\":{\"@id\":\"https:\\\/\\\/fromsunwithlove.com\\\/en\\\/product\\\/provence-multiposition-upf50-scarf-citron-yellow\\\/#primaryimage\"},\"thumbnailUrl\":\"https:\\\/\\\/fromsunwithlove.com\\\/wp-content\\\/uploads\\\/2024\\\/04\\\/panuelo-UPF50-multiposiciones-provence-amarillo-fromsunwithlove2-e1744369291168.webp\",\"datePublished\":\"2024-04-08T08:02:20+00:00\",\"dateModified\":\"2025-07-01T11:35:00+00:00\",\"description\":\"UPF50+ sun protection foulard scarf. Multi-positions, poncho, jacket, collar, pareo... Very soft recycled fabric. Made in Spain.\",\"breadcrumb\":{\"@id\":\"https:\\\/\\\/fromsunwithlove.com\\\/en\\\/product\\\/provence-multiposition-upf50-scarf-citron-yellow\\\/#breadcrumb\"},\"inLanguage\":\"en-US\",\"potentialAction\":[{\"@type\":\"ReadAction\",\"target\":[\"https:\\\/\\\/fromsunwithlove.com\\\/en\\\/product\\\/provence-multiposition-upf50-scarf-citron-yellow\\\/\"]}]},{\"@type\":\"ImageObject\",\"inLanguage\":\"en-US\",\"@id\":\"https:\\\/\\\/fromsunwithlove.com\\\/en\\\/product\\\/provence-multiposition-upf50-scarf-citron-yellow\\\/#primaryimage\",\"url\":\"https:\\\/\\\/fromsunwithlove.com\\\/wp-content\\\/uploads\\\/2024\\\/04\\\/panuelo-UPF50-multiposiciones-provence-amarillo-fromsunwithlove2-e1744369291168.webp\",\"contentUrl\":\"https:\\\/\\\/fromsunwithlove.com\\\/wp-content\\\/uploads\\\/2024\\\/04\\\/panuelo-UPF50-multiposiciones-provence-amarillo-fromsunwithlove2-e1744369291168.webp\",\"width\":1280,\"height\":1920,\"caption\":\"pan\u0303uelo-UPF50\"},{\"@type\":\"BreadcrumbList\",\"@id\":\"https:\\\/\\\/fromsunwithlove.com\\\/en\\\/product\\\/provence-multiposition-upf50-scarf-citron-yellow\\\/#breadcrumb\",\"itemListElement\":[{\"@type\":\"ListItem\",\"position\":1,\"name\":\"Portada\",\"item\":\"https:\\\/\\\/fromsunwithlove.com\\\/en\\\/\"},{\"@type\":\"ListItem\",\"position\":2,\"name\":\"Sun protection clothing store\",\"item\":\"https:\\\/\\\/fromsunwithlove.com\\\/en\\\/shop-online\\\/\"},{\"@type\":\"ListItem\",\"position\":3,\"name\":\"Provence Multiposition UPF50+ Scarf &#8211; Citron Yellow\"}]},{\"@type\":\"WebSite\",\"@id\":\"https:\\\/\\\/fromsunwithlove.com\\\/en\\\/#website\",\"url\":\"https:\\\/\\\/fromsunwithlove.com\\\/en\\\/\",\"name\":\"FromSunWithLove\",\"description\":\"Ropa de Protecci\u00f3n Solar para Ni\u00f1os y Mujer\",\"publisher\":{\"@id\":\"https:\\\/\\\/fromsunwithlove.com\\\/en\\\/#organization\"},\"potentialAction\":[{\"@type\":\"SearchAction\",\"target\":{\"@type\":\"EntryPoint\",\"urlTemplate\":\"https:\\\/\\\/fromsunwithlove.com\\\/en\\\/?s={search_term_string}\"},\"query-input\":{\"@type\":\"PropertyValueSpecification\",\"valueRequired\":true,\"valueName\":\"search_term_string\"}}],\"inLanguage\":\"en-US\"},{\"@type\":\"Organization\",\"@id\":\"https:\\\/\\\/fromsunwithlove.com\\\/en\\\/#organization\",\"name\":\"FROM SUN WITH LOVE\",\"url\":\"https:\\\/\\\/fromsunwithlove.com\\\/en\\\/\",\"logo\":{\"@type\":\"ImageObject\",\"inLanguage\":\"en-US\",\"@id\":\"https:\\\/\\\/fromsunwithlove.com\\\/en\\\/#\\\/schema\\\/logo\\\/image\\\/\",\"url\":\"https:\\\/\\\/fromsunwithlove.com\\\/wp-content\\\/uploads\\\/2019\\\/05\\\/LOGO-SVG-Expand@72x.svg\",\"contentUrl\":\"https:\\\/\\\/fromsunwithlove.com\\\/wp-content\\\/uploads\\\/2019\\\/05\\\/LOGO-SVG-Expand@72x.svg\",\"width\":716,\"height\":37,\"caption\":\"FROM SUN WITH LOVE\"},\"image\":{\"@id\":\"https:\\\/\\\/fromsunwithlove.com\\\/en\\\/#\\\/schema\\\/logo\\\/image\\\/\"},\"sameAs\":[\"https:\\\/\\\/www.facebook.com\\\/fromsunwithlove\\\/\",\"https:\\\/\\\/www.instagram.com\\\/fromsun_withlove\\\/\",\"https:\\\/\\\/www.linkedin.com\\\/in\\\/evazorzo\\\/\",\"https:\\\/\\\/www.pinterest.es\\\/FromSunWithLove\\\/\",\"https:\\\/\\\/www.youtube.com\\\/channel\\\/UCS_lI5TbbpdaQgLsf7TSzcg\"]}]}<\/script>\n<!-- \/ Yoast SEO plugin. -->","yoast_head_json":{"title":"Provence Multiposition UPF50+ Scarf - Citron Yellow - FromSunWithLove","description":"UPF50+ sun protection foulard scarf. Multi-positions, poncho, jacket, collar, pareo... Very soft recycled fabric. Made in Spain.","robots":{"index":"index","follow":"follow","max-snippet":"max-snippet:-1","max-image-preview":"max-image-preview:large","max-video-preview":"max-video-preview:-1"},"canonical":"https:\/\/fromsunwithlove.com\/en\/product\/provence-multiposition-upf50-scarf-citron-yellow\/","og_locale":"en_US","og_type":"article","og_title":"Provence Multiposition UPF50+ Scarf - Citron Yellow - FromSunWithLove","og_description":"UPF50+ sun protection foulard scarf. Multi-positions, poncho, jacket, collar, pareo... Very soft recycled fabric. Made in Spain.","og_url":"https:\/\/fromsunwithlove.com\/en\/product\/provence-multiposition-upf50-scarf-citron-yellow\/","og_site_name":"FromSunWithLove","article_publisher":"https:\/\/www.facebook.com\/fromsunwithlove\/","article_modified_time":"2025-07-01T11:35:00+00:00","og_image":[{"width":1280,"height":1920,"url":"https:\/\/fromsunwithlove.com\/wp-content\/uploads\/2024\/04\/panuelo-UPF50-multiposiciones-provence-amarillo-fromsunwithlove1.webp","type":"image\/webp"}],"twitter_card":"summary_large_image","twitter_misc":{"Est. reading time":"1 minute"},"schema":{"@context":"https:\/\/schema.org","@graph":[{"@type":"WebPage","@id":"https:\/\/fromsunwithlove.com\/en\/product\/provence-multiposition-upf50-scarf-citron-yellow\/","url":"https:\/\/fromsunwithlove.com\/en\/product\/provence-multiposition-upf50-scarf-citron-yellow\/","name":"Provence Multiposition UPF50+ Scarf - Citron Yellow - FromSunWithLove","isPartOf":{"@id":"https:\/\/fromsunwithlove.com\/en\/#website"},"primaryImageOfPage":{"@id":"https:\/\/fromsunwithlove.com\/en\/product\/provence-multiposition-upf50-scarf-citron-yellow\/#primaryimage"},"image":{"@id":"https:\/\/fromsunwithlove.com\/en\/product\/provence-multiposition-upf50-scarf-citron-yellow\/#primaryimage"},"thumbnailUrl":"https:\/\/fromsunwithlove.com\/wp-content\/uploads\/2024\/04\/panuelo-UPF50-multiposiciones-provence-amarillo-fromsunwithlove2-e1744369291168.webp","datePublished":"2024-04-08T08:02:20+00:00","dateModified":"2025-07-01T11:35:00+00:00","description":"UPF50+ sun protection foulard scarf. Multi-positions, poncho, jacket, collar, pareo... Very soft recycled fabric. Made in Spain.","breadcrumb":{"@id":"https:\/\/fromsunwithlove.com\/en\/product\/provence-multiposition-upf50-scarf-citron-yellow\/#breadcrumb"},"inLanguage":"en-US","potentialAction":[{"@type":"ReadAction","target":["https:\/\/fromsunwithlove.com\/en\/product\/provence-multiposition-upf50-scarf-citron-yellow\/"]}]},{"@type":"ImageObject","inLanguage":"en-US","@id":"https:\/\/fromsunwithlove.com\/en\/product\/provence-multiposition-upf50-scarf-citron-yellow\/#primaryimage","url":"https:\/\/fromsunwithlove.com\/wp-content\/uploads\/2024\/04\/panuelo-UPF50-multiposiciones-provence-amarillo-fromsunwithlove2-e1744369291168.webp","contentUrl":"https:\/\/fromsunwithlove.com\/wp-content\/uploads\/2024\/04\/panuelo-UPF50-multiposiciones-provence-amarillo-fromsunwithlove2-e1744369291168.webp","width":1280,"height":1920,"caption":"pan\u0303uelo-UPF50"},{"@type":"BreadcrumbList","@id":"https:\/\/fromsunwithlove.com\/en\/product\/provence-multiposition-upf50-scarf-citron-yellow\/#breadcrumb","itemListElement":[{"@type":"ListItem","position":1,"name":"Portada","item":"https:\/\/fromsunwithlove.com\/en\/"},{"@type":"ListItem","position":2,"name":"Sun protection clothing store","item":"https:\/\/fromsunwithlove.com\/en\/shop-online\/"},{"@type":"ListItem","position":3,"name":"Provence Multiposition UPF50+ Scarf &#8211; Citron Yellow"}]},{"@type":"WebSite","@id":"https:\/\/fromsunwithlove.com\/en\/#website","url":"https:\/\/fromsunwithlove.com\/en\/","name":"FromSunWithLove","description":"Ropa de Protecci\u00f3n Solar para Ni\u00f1os y Mujer","publisher":{"@id":"https:\/\/fromsunwithlove.com\/en\/#organization"},"potentialAction":[{"@type":"SearchAction","target":{"@type":"EntryPoint","urlTemplate":"https:\/\/fromsunwithlove.com\/en\/?s={search_term_string}"},"query-input":{"@type":"PropertyValueSpecification","valueRequired":true,"valueName":"search_term_string"}}],"inLanguage":"en-US"},{"@type":"Organization","@id":"https:\/\/fromsunwithlove.com\/en\/#organization","name":"FROM SUN WITH LOVE","url":"https:\/\/fromsunwithlove.com\/en\/","logo":{"@type":"ImageObject","inLanguage":"en-US","@id":"https:\/\/fromsunwithlove.com\/en\/#\/schema\/logo\/image\/","url":"https:\/\/fromsunwithlove.com\/wp-content\/uploads\/2019\/05\/LOGO-SVG-Expand@72x.svg","contentUrl":"https:\/\/fromsunwithlove.com\/wp-content\/uploads\/2019\/05\/LOGO-SVG-Expand@72x.svg","width":716,"height":37,"caption":"FROM SUN WITH LOVE"},"image":{"@id":"https:\/\/fromsunwithlove.com\/en\/#\/schema\/logo\/image\/"},"sameAs":["https:\/\/www.facebook.com\/fromsunwithlove\/","https:\/\/www.instagram.com\/fromsun_withlove\/","https:\/\/www.linkedin.com\/in\/evazorzo\/","https:\/\/www.pinterest.es\/FromSunWithLove\/","https:\/\/www.youtube.com\/channel\/UCS_lI5TbbpdaQgLsf7TSzcg"]}]}},"_links":{"self":[{"href":"https:\/\/fromsunwithlove.com\/en\/wp-json\/wp\/v2\/product\/13613","targetHints":{"allow":["GET"]}}],"collection":[{"href":"https:\/\/fromsunwithlove.com\/en\/wp-json\/wp\/v2\/product"}],"about":[{"href":"https:\/\/fromsunwithlove.com\/en\/wp-json\/wp\/v2\/types\/product"}],"wp:featuredmedia":[{"embeddable":true,"href":"https:\/\/fromsunwithlove.com\/en\/wp-json\/wp\/v2\/media\/13362"}],"wp:attachment":[{"href":"https:\/\/fromsunwithlove.com\/en\/wp-json\/wp\/v2\/media?parent=13613"}],"wp:term":[{"taxonomy":"product_brand","embeddable":true,"href":"https:\/\/fromsunwithlove.com\/en\/wp-json\/wp\/v2\/product_brand?post=13613"},{"taxonomy":"product_cat","embeddable":true,"href":"https:\/\/fromsunwithlove.com\/en\/wp-json\/wp\/v2\/product_cat?post=13613"},{"taxonomy":"product_tag","embeddable":true,"href":"https:\/\/fromsunwithlove.com\/en\/wp-json\/wp\/v2\/product_tag?post=13613"}],"curies":[{"name":"wp","href":"https:\/\/api.w.org\/{rel}","templated":true}]}}