{"id":13607,"date":"2024-04-08T10:59:28","date_gmt":"2024-04-08T08:59:28","guid":{"rendered":"https:\/\/fromsunwithlove.com\/product\/reversible-upf50-hat-provence-bleu-de-nimes\/"},"modified":"2024-12-09T12:52:53","modified_gmt":"2024-12-09T11:52:53","slug":"reversible-upf50-hat-provence-bleu-de-nimes","status":"publish","type":"product","link":"https:\/\/fromsunwithlove.com\/en\/product\/reversible-upf50-hat-provence-bleu-de-nimes\/","title":{"rendered":"Reversible UPF50+ hat Provence Bleu de N\u00eemes"},"content":{"rendered":"<h3><span class=\"s1\"><b>Excellent UV protection UPF 50+ <\/b>&#8220;.   <\/span><\/h3>\n<ul>\n<li>Certified with maximum sun protection UPF50+ by AS\/NZS 4399-2017 Australian New Zealand Standard.<\/li>\n<li>Ultra light fabric, made of ECONYL\u00ae 100% nylon fiber regenerated from fishing nets and other nylon waste.<\/li>\n<li>Handmade in Spain by companies and people with sustainable businesses and decent working conditions.<\/li>\n<li>OEKO-TEX\u00ae certified, a guarantee of a textile that respects the skin and the environment.<\/li>\n<\/ul>\n<p><b>Composition<\/b>:<\/p>\n<ul>\n<li>79% Econyl\u00ae recycled micro polyamide<\/li>\n<li>21% Elastane<\/li>\n<\/ul>\n<p><strong><b>Care<\/b>:<\/strong><\/p>\n<p><strong>Hand wash with cold water and neutral soap<\/strong>, without rubbing or folding the flap. The colors are resistant to chlorine but if you get it wet in the pool or the sea, rinse it afterwards with water and let it dry. <strong>Never store it wet. Do not leave it wet in contact with other colored garments.<\/strong><\/p>\n","protected":false},"excerpt":{"rendered":"<p><strong>The ultimate summer hat.<\/strong> Lightweight and breathable, it is neither heavy nor hot. You can get it wet Reversible design, with one of our exclusive wonderful prints on one side and plain on the other to enjoy two different looks. Folds and stores easily in a bag or pocket. The flap is the perfect size to protect the face without losing visibility and is easily kept folded up. Certified UPF50+ the UV rays will never reach your face or head again. Fabric with treatment resistant to chlorine, creams, oils and beach sand. Slightly elastic, this way it fits perfectly to the head, it doesn&#8217;t blow away, and the coolest thing is that you can share it with the kids. Provence print in blue with pale pink interior.<\/p>\n<p>It comes with a branded bag, equipped with anti-humidity protection, to store and protect it in your bag, for example, from your wet beachwear. It&#8217;s super useful!<\/p>\n<p><span style=\"color: #ff6600;\"><strong>GIFT!!!*<\/strong> With the new <em>\u00c9t\u00e9 Proven\u00e7al<\/em> collection, get a free gift too! When you purchase any garment from the new collection, we will send you a lavender sachet made of Proven\u00e7al fabric from a traditional &#8220;lavanderie&#8221; where a family has been working for generations! Place the sachet in your closet and you will see how good your clothes smell when you put them on. <em>*While stocks last, to be used as a gift.<\/em><\/span><\/p>\n","protected":false},"featured_media":32453,"template":"","meta":[],"product_brand":[],"product_cat":[226,340,152,392],"product_tag":[304,305,194,195],"class_list":{"0":"post-13607","1":"product","2":"type-product","3":"status-publish","4":"has-post-thumbnail","6":"product_cat-buy-women","7":"product_cat-ete-provencal-en","8":"product_cat-hats","9":"product_cat-new","10":"product_tag-hair-en","11":"product_tag-hat-en","12":"product_tag-upf-clothing-en","13":"product_tag-uv-protection-en","14":"product_shipping_class-standard","16":"first","17":"instock","18":"featured","19":"taxable","20":"shipping-taxable","21":"purchasable","22":"product-type-variable","23":"has-default-attributes"},"yoast_head":"<!-- This site is optimized with the Yoast SEO plugin v27.3 - https:\/\/yoast.com\/product\/yoast-seo-wordpress\/ -->\n<title>Reversible UPF50+ hat Provence Bleu de N\u00eemes - FromSunWithLove<\/title>\n<meta name=\"description\" content=\"The ultimate summer hat. UPF50+, lightweight, reversible, packeable. You can get it wet Reversible design.\" \/>\n<meta name=\"robots\" content=\"index, follow, max-snippet:-1, max-image-preview:large, max-video-preview:-1\" \/>\n<link rel=\"canonical\" href=\"https:\/\/fromsunwithlove.com\/en\/product\/reversible-upf50-hat-provence-bleu-de-nimes\/\" \/>\n<meta property=\"og:locale\" content=\"en_US\" \/>\n<meta property=\"og:type\" content=\"article\" \/>\n<meta property=\"og:title\" content=\"Reversible UPF50+ hat Provence Bleu de N\u00eemes - FromSunWithLove\" \/>\n<meta property=\"og:description\" content=\"The ultimate summer hat. UPF50+, lightweight, reversible, packeable. You can get it wet Reversible design.\" \/>\n<meta property=\"og:url\" content=\"https:\/\/fromsunwithlove.com\/en\/product\/reversible-upf50-hat-provence-bleu-de-nimes\/\" \/>\n<meta property=\"og:site_name\" content=\"FromSunWithLove\" \/>\n<meta property=\"article:publisher\" content=\"https:\/\/www.facebook.com\/fromsunwithlove\/\" \/>\n<meta property=\"article:modified_time\" content=\"2024-12-09T11:52:53+00:00\" \/>\n<meta property=\"og:image\" content=\"https:\/\/fromsunwithlove.com\/wp-content\/uploads\/2024\/04\/GORRO_bucket_UPF50_provence-azul-fromsunwithlove1.webp\" \/>\n\t<meta property=\"og:image:width\" content=\"1247\" \/>\n\t<meta property=\"og:image:height\" content=\"1864\" \/>\n\t<meta property=\"og:image:type\" content=\"image\/webp\" \/>\n<meta name=\"twitter:card\" content=\"summary_large_image\" \/>\n<meta name=\"twitter:label1\" content=\"Est. reading time\" \/>\n\t<meta name=\"twitter:data1\" content=\"1 minute\" \/>\n<script type=\"application\/ld+json\" class=\"yoast-schema-graph\">{\"@context\":\"https:\\\/\\\/schema.org\",\"@graph\":[{\"@type\":\"WebPage\",\"@id\":\"https:\\\/\\\/fromsunwithlove.com\\\/en\\\/product\\\/reversible-upf50-hat-provence-bleu-de-nimes\\\/\",\"url\":\"https:\\\/\\\/fromsunwithlove.com\\\/en\\\/product\\\/reversible-upf50-hat-provence-bleu-de-nimes\\\/\",\"name\":\"Reversible UPF50+ hat Provence Bleu de N\u00eemes - FromSunWithLove\",\"isPartOf\":{\"@id\":\"https:\\\/\\\/fromsunwithlove.com\\\/en\\\/#website\"},\"primaryImageOfPage\":{\"@id\":\"https:\\\/\\\/fromsunwithlove.com\\\/en\\\/product\\\/reversible-upf50-hat-provence-bleu-de-nimes\\\/#primaryimage\"},\"image\":{\"@id\":\"https:\\\/\\\/fromsunwithlove.com\\\/en\\\/product\\\/reversible-upf50-hat-provence-bleu-de-nimes\\\/#primaryimage\"},\"thumbnailUrl\":\"https:\\\/\\\/fromsunwithlove.com\\\/wp-content\\\/uploads\\\/2024\\\/04\\\/GORRO_bucket_UPF50_provencerosa-fromsunwithlove1.webp\",\"datePublished\":\"2024-04-08T08:59:28+00:00\",\"dateModified\":\"2024-12-09T11:52:53+00:00\",\"description\":\"The ultimate summer hat. UPF50+, lightweight, reversible, packeable. You can get it wet Reversible design.\",\"breadcrumb\":{\"@id\":\"https:\\\/\\\/fromsunwithlove.com\\\/en\\\/product\\\/reversible-upf50-hat-provence-bleu-de-nimes\\\/#breadcrumb\"},\"inLanguage\":\"en-US\",\"potentialAction\":[{\"@type\":\"ReadAction\",\"target\":[\"https:\\\/\\\/fromsunwithlove.com\\\/en\\\/product\\\/reversible-upf50-hat-provence-bleu-de-nimes\\\/\"]}]},{\"@type\":\"ImageObject\",\"inLanguage\":\"en-US\",\"@id\":\"https:\\\/\\\/fromsunwithlove.com\\\/en\\\/product\\\/reversible-upf50-hat-provence-bleu-de-nimes\\\/#primaryimage\",\"url\":\"https:\\\/\\\/fromsunwithlove.com\\\/wp-content\\\/uploads\\\/2024\\\/04\\\/GORRO_bucket_UPF50_provencerosa-fromsunwithlove1.webp\",\"contentUrl\":\"https:\\\/\\\/fromsunwithlove.com\\\/wp-content\\\/uploads\\\/2024\\\/04\\\/GORRO_bucket_UPF50_provencerosa-fromsunwithlove1.webp\",\"width\":800,\"height\":1200,\"caption\":\"gorro upf50\"},{\"@type\":\"BreadcrumbList\",\"@id\":\"https:\\\/\\\/fromsunwithlove.com\\\/en\\\/product\\\/reversible-upf50-hat-provence-bleu-de-nimes\\\/#breadcrumb\",\"itemListElement\":[{\"@type\":\"ListItem\",\"position\":1,\"name\":\"Portada\",\"item\":\"https:\\\/\\\/fromsunwithlove.com\\\/en\\\/\"},{\"@type\":\"ListItem\",\"position\":2,\"name\":\"Sun protection clothing store\",\"item\":\"https:\\\/\\\/fromsunwithlove.com\\\/en\\\/shop-online\\\/\"},{\"@type\":\"ListItem\",\"position\":3,\"name\":\"Reversible UPF50+ hat Provence Bleu de N\u00eemes\"}]},{\"@type\":\"WebSite\",\"@id\":\"https:\\\/\\\/fromsunwithlove.com\\\/en\\\/#website\",\"url\":\"https:\\\/\\\/fromsunwithlove.com\\\/en\\\/\",\"name\":\"FromSunWithLove\",\"description\":\"Ropa de Protecci\u00f3n Solar para Ni\u00f1os y Mujer\",\"publisher\":{\"@id\":\"https:\\\/\\\/fromsunwithlove.com\\\/en\\\/#organization\"},\"potentialAction\":[{\"@type\":\"SearchAction\",\"target\":{\"@type\":\"EntryPoint\",\"urlTemplate\":\"https:\\\/\\\/fromsunwithlove.com\\\/en\\\/?s={search_term_string}\"},\"query-input\":{\"@type\":\"PropertyValueSpecification\",\"valueRequired\":true,\"valueName\":\"search_term_string\"}}],\"inLanguage\":\"en-US\"},{\"@type\":\"Organization\",\"@id\":\"https:\\\/\\\/fromsunwithlove.com\\\/en\\\/#organization\",\"name\":\"FROM SUN WITH LOVE\",\"url\":\"https:\\\/\\\/fromsunwithlove.com\\\/en\\\/\",\"logo\":{\"@type\":\"ImageObject\",\"inLanguage\":\"en-US\",\"@id\":\"https:\\\/\\\/fromsunwithlove.com\\\/en\\\/#\\\/schema\\\/logo\\\/image\\\/\",\"url\":\"https:\\\/\\\/fromsunwithlove.com\\\/wp-content\\\/uploads\\\/2019\\\/05\\\/LOGO-SVG-Expand@72x.svg\",\"contentUrl\":\"https:\\\/\\\/fromsunwithlove.com\\\/wp-content\\\/uploads\\\/2019\\\/05\\\/LOGO-SVG-Expand@72x.svg\",\"width\":716,\"height\":37,\"caption\":\"FROM SUN WITH LOVE\"},\"image\":{\"@id\":\"https:\\\/\\\/fromsunwithlove.com\\\/en\\\/#\\\/schema\\\/logo\\\/image\\\/\"},\"sameAs\":[\"https:\\\/\\\/www.facebook.com\\\/fromsunwithlove\\\/\",\"https:\\\/\\\/www.instagram.com\\\/fromsun_withlove\\\/\",\"https:\\\/\\\/www.linkedin.com\\\/in\\\/evazorzo\\\/\",\"https:\\\/\\\/www.pinterest.es\\\/FromSunWithLove\\\/\",\"https:\\\/\\\/www.youtube.com\\\/channel\\\/UCS_lI5TbbpdaQgLsf7TSzcg\"]}]}<\/script>\n<!-- \/ Yoast SEO plugin. -->","yoast_head_json":{"title":"Reversible UPF50+ hat Provence Bleu de N\u00eemes - FromSunWithLove","description":"The ultimate summer hat. UPF50+, lightweight, reversible, packeable. You can get it wet Reversible design.","robots":{"index":"index","follow":"follow","max-snippet":"max-snippet:-1","max-image-preview":"max-image-preview:large","max-video-preview":"max-video-preview:-1"},"canonical":"https:\/\/fromsunwithlove.com\/en\/product\/reversible-upf50-hat-provence-bleu-de-nimes\/","og_locale":"en_US","og_type":"article","og_title":"Reversible UPF50+ hat Provence Bleu de N\u00eemes - FromSunWithLove","og_description":"The ultimate summer hat. UPF50+, lightweight, reversible, packeable. You can get it wet Reversible design.","og_url":"https:\/\/fromsunwithlove.com\/en\/product\/reversible-upf50-hat-provence-bleu-de-nimes\/","og_site_name":"FromSunWithLove","article_publisher":"https:\/\/www.facebook.com\/fromsunwithlove\/","article_modified_time":"2024-12-09T11:52:53+00:00","og_image":[{"width":1247,"height":1864,"url":"https:\/\/fromsunwithlove.com\/wp-content\/uploads\/2024\/04\/GORRO_bucket_UPF50_provence-azul-fromsunwithlove1.webp","type":"image\/webp"}],"twitter_card":"summary_large_image","twitter_misc":{"Est. reading time":"1 minute"},"schema":{"@context":"https:\/\/schema.org","@graph":[{"@type":"WebPage","@id":"https:\/\/fromsunwithlove.com\/en\/product\/reversible-upf50-hat-provence-bleu-de-nimes\/","url":"https:\/\/fromsunwithlove.com\/en\/product\/reversible-upf50-hat-provence-bleu-de-nimes\/","name":"Reversible UPF50+ hat Provence Bleu de N\u00eemes - FromSunWithLove","isPartOf":{"@id":"https:\/\/fromsunwithlove.com\/en\/#website"},"primaryImageOfPage":{"@id":"https:\/\/fromsunwithlove.com\/en\/product\/reversible-upf50-hat-provence-bleu-de-nimes\/#primaryimage"},"image":{"@id":"https:\/\/fromsunwithlove.com\/en\/product\/reversible-upf50-hat-provence-bleu-de-nimes\/#primaryimage"},"thumbnailUrl":"https:\/\/fromsunwithlove.com\/wp-content\/uploads\/2024\/04\/GORRO_bucket_UPF50_provencerosa-fromsunwithlove1.webp","datePublished":"2024-04-08T08:59:28+00:00","dateModified":"2024-12-09T11:52:53+00:00","description":"The ultimate summer hat. UPF50+, lightweight, reversible, packeable. You can get it wet Reversible design.","breadcrumb":{"@id":"https:\/\/fromsunwithlove.com\/en\/product\/reversible-upf50-hat-provence-bleu-de-nimes\/#breadcrumb"},"inLanguage":"en-US","potentialAction":[{"@type":"ReadAction","target":["https:\/\/fromsunwithlove.com\/en\/product\/reversible-upf50-hat-provence-bleu-de-nimes\/"]}]},{"@type":"ImageObject","inLanguage":"en-US","@id":"https:\/\/fromsunwithlove.com\/en\/product\/reversible-upf50-hat-provence-bleu-de-nimes\/#primaryimage","url":"https:\/\/fromsunwithlove.com\/wp-content\/uploads\/2024\/04\/GORRO_bucket_UPF50_provencerosa-fromsunwithlove1.webp","contentUrl":"https:\/\/fromsunwithlove.com\/wp-content\/uploads\/2024\/04\/GORRO_bucket_UPF50_provencerosa-fromsunwithlove1.webp","width":800,"height":1200,"caption":"gorro upf50"},{"@type":"BreadcrumbList","@id":"https:\/\/fromsunwithlove.com\/en\/product\/reversible-upf50-hat-provence-bleu-de-nimes\/#breadcrumb","itemListElement":[{"@type":"ListItem","position":1,"name":"Portada","item":"https:\/\/fromsunwithlove.com\/en\/"},{"@type":"ListItem","position":2,"name":"Sun protection clothing store","item":"https:\/\/fromsunwithlove.com\/en\/shop-online\/"},{"@type":"ListItem","position":3,"name":"Reversible UPF50+ hat Provence Bleu de N\u00eemes"}]},{"@type":"WebSite","@id":"https:\/\/fromsunwithlove.com\/en\/#website","url":"https:\/\/fromsunwithlove.com\/en\/","name":"FromSunWithLove","description":"Ropa de Protecci\u00f3n Solar para Ni\u00f1os y Mujer","publisher":{"@id":"https:\/\/fromsunwithlove.com\/en\/#organization"},"potentialAction":[{"@type":"SearchAction","target":{"@type":"EntryPoint","urlTemplate":"https:\/\/fromsunwithlove.com\/en\/?s={search_term_string}"},"query-input":{"@type":"PropertyValueSpecification","valueRequired":true,"valueName":"search_term_string"}}],"inLanguage":"en-US"},{"@type":"Organization","@id":"https:\/\/fromsunwithlove.com\/en\/#organization","name":"FROM SUN WITH LOVE","url":"https:\/\/fromsunwithlove.com\/en\/","logo":{"@type":"ImageObject","inLanguage":"en-US","@id":"https:\/\/fromsunwithlove.com\/en\/#\/schema\/logo\/image\/","url":"https:\/\/fromsunwithlove.com\/wp-content\/uploads\/2019\/05\/LOGO-SVG-Expand@72x.svg","contentUrl":"https:\/\/fromsunwithlove.com\/wp-content\/uploads\/2019\/05\/LOGO-SVG-Expand@72x.svg","width":716,"height":37,"caption":"FROM SUN WITH LOVE"},"image":{"@id":"https:\/\/fromsunwithlove.com\/en\/#\/schema\/logo\/image\/"},"sameAs":["https:\/\/www.facebook.com\/fromsunwithlove\/","https:\/\/www.instagram.com\/fromsun_withlove\/","https:\/\/www.linkedin.com\/in\/evazorzo\/","https:\/\/www.pinterest.es\/FromSunWithLove\/","https:\/\/www.youtube.com\/channel\/UCS_lI5TbbpdaQgLsf7TSzcg"]}]}},"_links":{"self":[{"href":"https:\/\/fromsunwithlove.com\/en\/wp-json\/wp\/v2\/product\/13607","targetHints":{"allow":["GET"]}}],"collection":[{"href":"https:\/\/fromsunwithlove.com\/en\/wp-json\/wp\/v2\/product"}],"about":[{"href":"https:\/\/fromsunwithlove.com\/en\/wp-json\/wp\/v2\/types\/product"}],"wp:featuredmedia":[{"embeddable":true,"href":"https:\/\/fromsunwithlove.com\/en\/wp-json\/wp\/v2\/media\/32453"}],"wp:attachment":[{"href":"https:\/\/fromsunwithlove.com\/en\/wp-json\/wp\/v2\/media?parent=13607"}],"wp:term":[{"taxonomy":"product_brand","embeddable":true,"href":"https:\/\/fromsunwithlove.com\/en\/wp-json\/wp\/v2\/product_brand?post=13607"},{"taxonomy":"product_cat","embeddable":true,"href":"https:\/\/fromsunwithlove.com\/en\/wp-json\/wp\/v2\/product_cat?post=13607"},{"taxonomy":"product_tag","embeddable":true,"href":"https:\/\/fromsunwithlove.com\/en\/wp-json\/wp\/v2\/product_tag?post=13607"}],"curies":[{"name":"wp","href":"https:\/\/api.w.org\/{rel}","templated":true}]}}