{"id":10722,"date":"2022-06-11T14:22:34","date_gmt":"2022-06-11T12:22:34","guid":{"rendered":"https:\/\/fromsunwithlove.com\/?post_type=product&#038;p=10722"},"modified":"2023-03-28T22:55:32","modified_gmt":"2023-03-28T20:55:32","slug":"kimono-corto-upf50-de-proteccion-solar-estampado-floral","status":"publish","type":"product","link":"https:\/\/fromsunwithlove.com\/en\/product\/kimono-corto-upf50-de-proteccion-solar-estampado-floral\/","title":{"rendered":"KIMONO corto UPF50+ de protecci\u00f3n solar estampado floral"},"content":{"rendered":"<h3><span class=\"s1\">Kimono con protecci\u00f3n solar\u00a0 <b>&#8220;Excellent UV protection UPF 50+&#8221;\u00a0<\/b>\u00a0<\/span><\/h3>\n<ul>\n<li>Exclusivo estampado floral &#8220;Cuaderno de Campo&#8221;.<\/li>\n<li>Tejido extra suave, ligero y transpirable. Realizado con una de las fibras recicladas de mayor calidad del mercado, \u00aeEconyl.<\/li>\n<li>Dise\u00f1o c\u00f3modo y sencillo con manga ancha y corte recto, largo por debajo de la cadera.<\/li>\n<li>Fabricado en Espa\u00f1a, por empresas y personas con negocios sostenibles y condiciones de trabajo dignas.<\/li>\n<\/ul>\n<p><b>Composici\u00f3n<\/b>:<\/p>\n<ul>\n<li>82% ECONYL\u00ae regenerated naylon. 18% Elast\u00e1n.<\/li>\n<li>Se puede lavar hasta 40\u00ba en lavadora, pero aconsejamos lavar a mano con jab\u00f3n neutro. Plancha muy suave. No secar directamente al sol. No guardar h\u00famedo.<\/li>\n<li>Certificado Oeko-Tex Textil de confianza.<\/li>\n<\/ul>\n","protected":false},"excerpt":{"rendered":"<p><span class=\"s1\">KIMONO en nuestro tejido Econyl\u00ae extra suave procedente de reciclado y certificado UPF50+ protecci\u00f3n solar m\u00e1xima. Es ligero y tiene una ca\u00edda flu\u00edda. Puedes usarlo para protegerte al salir del agua con prendas de ba\u00f1o debajo o usarlo de calle como vestido cerr\u00e1ndolo con un cintur\u00f3n, encima de pantalones o con falda. Viene con una cinta suelta en mismo tejido para atarlo a la cintura.<\/span><\/p>\n<p>Comb\u00ednalo con el resto de prendas de la colecci\u00f3n.<\/p>\n<p><strong><span class=\"s1\">Previene quemaduras l<\/span><span class=\"s1\">o que ayudar\u00e1 a disminuir significativamente la posibilidad de da\u00f1os en la piel a corto y largo plazo y el envejecimiento prematuro.\u00a0<\/span><\/strong><\/p>\n<p>Tejido certificado con la <strong>m\u00e1xima protecci\u00f3n UV UPF50+<\/strong> (AS\/NZS 4399:2017) proporciona protecci\u00f3n <strong>tanto seco como mojado<\/strong>. <span class=\"s1\">La protecci\u00f3n <strong>no se va con los lavados<\/strong>, ya que es intr\u00ednseca a sus fibras y a como est\u00e1 tejido.\u00a0<\/span><\/p>\n<p>Fabricado con<strong> Econyl\u00ae<\/strong>, 100% fibra de nailon regenerada a partir de redes de pesca y otros residuos de nailon. <strong>Hecho en Espa\u00f1a<\/strong> de forma responsable y sostenible.<\/p>\n<p class=\"p1\"><b>Talla \u00fanica. Cuadro de medidas en la \u00faltima foto.<\/b><\/p>\n<p>&nbsp;<\/p>\n","protected":false},"featured_media":10724,"template":"","meta":[],"product_brand":[],"product_cat":[135,141,16],"product_tag":[89,104,21,105],"class_list":{"0":"post-10722","1":"product","2":"type-product","3":"status-publish","4":"has-post-thumbnail","6":"product_cat-cuaderno-de-campo","7":"product_cat-kimonos","8":"product_cat-moda-mujer-upf50","9":"product_tag-camiseta-anti-uv-unisex","10":"product_tag-kimono","11":"product_tag-upf-clothing","12":"product_tag-wrap","13":"product_shipping_class-estandar","15":"first","16":"outofstock","17":"taxable","18":"shipping-taxable","19":"purchasable","20":"product-type-simple"},"yoast_head":"<!-- This site is optimized with the Yoast SEO plugin v27.5 - https:\/\/yoast.com\/product\/yoast-seo-wordpress\/ -->\n<title>KIMONO corto UPF50+ de protecci\u00f3n solar estampado floral - FromSunWithLove<\/title>\n<meta name=\"description\" content=\"Kimono elegante, fresco y ligero que proteger\u00e1 tu piel de las radiaciones UV gracias a su certificado UPF50+\" \/>\n<meta name=\"robots\" content=\"index, follow, max-snippet:-1, max-image-preview:large, max-video-preview:-1\" \/>\n<link rel=\"canonical\" href=\"https:\/\/fromsunwithlove.com\/en\/product\/kimono-corto-upf50-de-proteccion-solar-estampado-floral\/\" \/>\n<meta property=\"og:locale\" content=\"en_US\" \/>\n<meta property=\"og:type\" content=\"article\" \/>\n<meta property=\"og:title\" content=\"KIMONO corto UPF50+ de protecci\u00f3n solar estampado floral - FromSunWithLove\" \/>\n<meta property=\"og:description\" content=\"Kimono elegante, fresco y ligero que proteger\u00e1 tu piel de las radiaciones UV gracias a su certificado UPF50+\" \/>\n<meta property=\"og:url\" content=\"https:\/\/fromsunwithlove.com\/en\/product\/kimono-corto-upf50-de-proteccion-solar-estampado-floral\/\" \/>\n<meta property=\"og:site_name\" content=\"FromSunWithLove\" \/>\n<meta property=\"article:publisher\" content=\"https:\/\/www.facebook.com\/fromsunwithlove\/\" \/>\n<meta property=\"article:modified_time\" content=\"2023-03-28T20:55:32+00:00\" \/>\n<meta property=\"og:image\" content=\"https:\/\/fromsunwithlove.com\/wp-content\/uploads\/2022\/06\/kimono-corto-flores-UPF50fromsunwithlove-2.jpg\" \/>\n\t<meta property=\"og:image:width\" content=\"706\" \/>\n\t<meta property=\"og:image:height\" content=\"1067\" \/>\n\t<meta property=\"og:image:type\" content=\"image\/jpeg\" \/>\n<meta name=\"twitter:card\" content=\"summary_large_image\" \/>\n<meta name=\"twitter:label1\" content=\"Est. reading time\" \/>\n\t<meta name=\"twitter:data1\" content=\"1 minute\" \/>\n<script type=\"application\/ld+json\" class=\"yoast-schema-graph\">{\"@context\":\"https:\\\/\\\/schema.org\",\"@graph\":[{\"@type\":\"WebPage\",\"@id\":\"https:\\\/\\\/fromsunwithlove.com\\\/en\\\/product\\\/kimono-corto-upf50-de-proteccion-solar-estampado-floral\\\/\",\"url\":\"https:\\\/\\\/fromsunwithlove.com\\\/en\\\/product\\\/kimono-corto-upf50-de-proteccion-solar-estampado-floral\\\/\",\"name\":\"KIMONO corto UPF50+ de protecci\u00f3n solar estampado floral - FromSunWithLove\",\"isPartOf\":{\"@id\":\"https:\\\/\\\/fromsunwithlove.com\\\/en\\\/#website\"},\"primaryImageOfPage\":{\"@id\":\"https:\\\/\\\/fromsunwithlove.com\\\/en\\\/product\\\/kimono-corto-upf50-de-proteccion-solar-estampado-floral\\\/#primaryimage\"},\"image\":{\"@id\":\"https:\\\/\\\/fromsunwithlove.com\\\/en\\\/product\\\/kimono-corto-upf50-de-proteccion-solar-estampado-floral\\\/#primaryimage\"},\"thumbnailUrl\":\"https:\\\/\\\/fromsunwithlove.com\\\/wp-content\\\/uploads\\\/2022\\\/06\\\/kimono-corto-flores-UPF50fromsunwithlove-2.jpg\",\"datePublished\":\"2022-06-11T12:22:34+00:00\",\"dateModified\":\"2023-03-28T20:55:32+00:00\",\"description\":\"Kimono elegante, fresco y ligero que proteger\u00e1 tu piel de las radiaciones UV gracias a su certificado UPF50+\",\"breadcrumb\":{\"@id\":\"https:\\\/\\\/fromsunwithlove.com\\\/en\\\/product\\\/kimono-corto-upf50-de-proteccion-solar-estampado-floral\\\/#breadcrumb\"},\"inLanguage\":\"en-US\",\"potentialAction\":[{\"@type\":\"ReadAction\",\"target\":[\"https:\\\/\\\/fromsunwithlove.com\\\/en\\\/product\\\/kimono-corto-upf50-de-proteccion-solar-estampado-floral\\\/\"]}]},{\"@type\":\"ImageObject\",\"inLanguage\":\"en-US\",\"@id\":\"https:\\\/\\\/fromsunwithlove.com\\\/en\\\/product\\\/kimono-corto-upf50-de-proteccion-solar-estampado-floral\\\/#primaryimage\",\"url\":\"https:\\\/\\\/fromsunwithlove.com\\\/wp-content\\\/uploads\\\/2022\\\/06\\\/kimono-corto-flores-UPF50fromsunwithlove-2.jpg\",\"contentUrl\":\"https:\\\/\\\/fromsunwithlove.com\\\/wp-content\\\/uploads\\\/2022\\\/06\\\/kimono-corto-flores-UPF50fromsunwithlove-2.jpg\",\"width\":706,\"height\":1067,\"caption\":\"Ropa_UPF50+\"},{\"@type\":\"BreadcrumbList\",\"@id\":\"https:\\\/\\\/fromsunwithlove.com\\\/en\\\/product\\\/kimono-corto-upf50-de-proteccion-solar-estampado-floral\\\/#breadcrumb\",\"itemListElement\":[{\"@type\":\"ListItem\",\"position\":1,\"name\":\"Portada\",\"item\":\"https:\\\/\\\/fromsunwithlove.com\\\/en\\\/\"},{\"@type\":\"ListItem\",\"position\":2,\"name\":\"Sun protection clothing store\",\"item\":\"https:\\\/\\\/fromsunwithlove.com\\\/en\\\/shop-online\\\/\"},{\"@type\":\"ListItem\",\"position\":3,\"name\":\"KIMONO corto UPF50+ de protecci\u00f3n solar estampado floral\"}]},{\"@type\":\"WebSite\",\"@id\":\"https:\\\/\\\/fromsunwithlove.com\\\/en\\\/#website\",\"url\":\"https:\\\/\\\/fromsunwithlove.com\\\/en\\\/\",\"name\":\"FromSunWithLove\",\"description\":\"Ropa de Protecci\u00f3n Solar para Ni\u00f1os y Mujer\",\"publisher\":{\"@id\":\"https:\\\/\\\/fromsunwithlove.com\\\/en\\\/#organization\"},\"potentialAction\":[{\"@type\":\"SearchAction\",\"target\":{\"@type\":\"EntryPoint\",\"urlTemplate\":\"https:\\\/\\\/fromsunwithlove.com\\\/en\\\/?s={search_term_string}\"},\"query-input\":{\"@type\":\"PropertyValueSpecification\",\"valueRequired\":true,\"valueName\":\"search_term_string\"}}],\"inLanguage\":\"en-US\"},{\"@type\":\"Organization\",\"@id\":\"https:\\\/\\\/fromsunwithlove.com\\\/en\\\/#organization\",\"name\":\"FROM SUN WITH LOVE\",\"url\":\"https:\\\/\\\/fromsunwithlove.com\\\/en\\\/\",\"logo\":{\"@type\":\"ImageObject\",\"inLanguage\":\"en-US\",\"@id\":\"https:\\\/\\\/fromsunwithlove.com\\\/en\\\/#\\\/schema\\\/logo\\\/image\\\/\",\"url\":\"https:\\\/\\\/fromsunwithlove.com\\\/wp-content\\\/uploads\\\/2019\\\/05\\\/LOGO-SVG-Expand@72x.svg\",\"contentUrl\":\"https:\\\/\\\/fromsunwithlove.com\\\/wp-content\\\/uploads\\\/2019\\\/05\\\/LOGO-SVG-Expand@72x.svg\",\"width\":716,\"height\":37,\"caption\":\"FROM SUN WITH LOVE\"},\"image\":{\"@id\":\"https:\\\/\\\/fromsunwithlove.com\\\/en\\\/#\\\/schema\\\/logo\\\/image\\\/\"},\"sameAs\":[\"https:\\\/\\\/www.facebook.com\\\/fromsunwithlove\\\/\",\"https:\\\/\\\/www.instagram.com\\\/fromsun_withlove\\\/\",\"https:\\\/\\\/www.linkedin.com\\\/in\\\/evazorzo\\\/\",\"https:\\\/\\\/www.pinterest.es\\\/FromSunWithLove\\\/\",\"https:\\\/\\\/www.youtube.com\\\/channel\\\/UCS_lI5TbbpdaQgLsf7TSzcg\"]}]}<\/script>\n<!-- \/ Yoast SEO plugin. -->","yoast_head_json":{"title":"KIMONO corto UPF50+ de protecci\u00f3n solar estampado floral - FromSunWithLove","description":"Kimono elegante, fresco y ligero que proteger\u00e1 tu piel de las radiaciones UV gracias a su certificado UPF50+","robots":{"index":"index","follow":"follow","max-snippet":"max-snippet:-1","max-image-preview":"max-image-preview:large","max-video-preview":"max-video-preview:-1"},"canonical":"https:\/\/fromsunwithlove.com\/en\/product\/kimono-corto-upf50-de-proteccion-solar-estampado-floral\/","og_locale":"en_US","og_type":"article","og_title":"KIMONO corto UPF50+ de protecci\u00f3n solar estampado floral - FromSunWithLove","og_description":"Kimono elegante, fresco y ligero que proteger\u00e1 tu piel de las radiaciones UV gracias a su certificado UPF50+","og_url":"https:\/\/fromsunwithlove.com\/en\/product\/kimono-corto-upf50-de-proteccion-solar-estampado-floral\/","og_site_name":"FromSunWithLove","article_publisher":"https:\/\/www.facebook.com\/fromsunwithlove\/","article_modified_time":"2023-03-28T20:55:32+00:00","og_image":[{"width":706,"height":1067,"url":"https:\/\/fromsunwithlove.com\/wp-content\/uploads\/2022\/06\/kimono-corto-flores-UPF50fromsunwithlove-2.jpg","type":"image\/jpeg"}],"twitter_card":"summary_large_image","twitter_misc":{"Est. reading time":"1 minute"},"schema":{"@context":"https:\/\/schema.org","@graph":[{"@type":"WebPage","@id":"https:\/\/fromsunwithlove.com\/en\/product\/kimono-corto-upf50-de-proteccion-solar-estampado-floral\/","url":"https:\/\/fromsunwithlove.com\/en\/product\/kimono-corto-upf50-de-proteccion-solar-estampado-floral\/","name":"KIMONO corto UPF50+ de protecci\u00f3n solar estampado floral - FromSunWithLove","isPartOf":{"@id":"https:\/\/fromsunwithlove.com\/en\/#website"},"primaryImageOfPage":{"@id":"https:\/\/fromsunwithlove.com\/en\/product\/kimono-corto-upf50-de-proteccion-solar-estampado-floral\/#primaryimage"},"image":{"@id":"https:\/\/fromsunwithlove.com\/en\/product\/kimono-corto-upf50-de-proteccion-solar-estampado-floral\/#primaryimage"},"thumbnailUrl":"https:\/\/fromsunwithlove.com\/wp-content\/uploads\/2022\/06\/kimono-corto-flores-UPF50fromsunwithlove-2.jpg","datePublished":"2022-06-11T12:22:34+00:00","dateModified":"2023-03-28T20:55:32+00:00","description":"Kimono elegante, fresco y ligero que proteger\u00e1 tu piel de las radiaciones UV gracias a su certificado UPF50+","breadcrumb":{"@id":"https:\/\/fromsunwithlove.com\/en\/product\/kimono-corto-upf50-de-proteccion-solar-estampado-floral\/#breadcrumb"},"inLanguage":"en-US","potentialAction":[{"@type":"ReadAction","target":["https:\/\/fromsunwithlove.com\/en\/product\/kimono-corto-upf50-de-proteccion-solar-estampado-floral\/"]}]},{"@type":"ImageObject","inLanguage":"en-US","@id":"https:\/\/fromsunwithlove.com\/en\/product\/kimono-corto-upf50-de-proteccion-solar-estampado-floral\/#primaryimage","url":"https:\/\/fromsunwithlove.com\/wp-content\/uploads\/2022\/06\/kimono-corto-flores-UPF50fromsunwithlove-2.jpg","contentUrl":"https:\/\/fromsunwithlove.com\/wp-content\/uploads\/2022\/06\/kimono-corto-flores-UPF50fromsunwithlove-2.jpg","width":706,"height":1067,"caption":"Ropa_UPF50+"},{"@type":"BreadcrumbList","@id":"https:\/\/fromsunwithlove.com\/en\/product\/kimono-corto-upf50-de-proteccion-solar-estampado-floral\/#breadcrumb","itemListElement":[{"@type":"ListItem","position":1,"name":"Portada","item":"https:\/\/fromsunwithlove.com\/en\/"},{"@type":"ListItem","position":2,"name":"Sun protection clothing store","item":"https:\/\/fromsunwithlove.com\/en\/shop-online\/"},{"@type":"ListItem","position":3,"name":"KIMONO corto UPF50+ de protecci\u00f3n solar estampado floral"}]},{"@type":"WebSite","@id":"https:\/\/fromsunwithlove.com\/en\/#website","url":"https:\/\/fromsunwithlove.com\/en\/","name":"FromSunWithLove","description":"Ropa de Protecci\u00f3n Solar para Ni\u00f1os y Mujer","publisher":{"@id":"https:\/\/fromsunwithlove.com\/en\/#organization"},"potentialAction":[{"@type":"SearchAction","target":{"@type":"EntryPoint","urlTemplate":"https:\/\/fromsunwithlove.com\/en\/?s={search_term_string}"},"query-input":{"@type":"PropertyValueSpecification","valueRequired":true,"valueName":"search_term_string"}}],"inLanguage":"en-US"},{"@type":"Organization","@id":"https:\/\/fromsunwithlove.com\/en\/#organization","name":"FROM SUN WITH LOVE","url":"https:\/\/fromsunwithlove.com\/en\/","logo":{"@type":"ImageObject","inLanguage":"en-US","@id":"https:\/\/fromsunwithlove.com\/en\/#\/schema\/logo\/image\/","url":"https:\/\/fromsunwithlove.com\/wp-content\/uploads\/2019\/05\/LOGO-SVG-Expand@72x.svg","contentUrl":"https:\/\/fromsunwithlove.com\/wp-content\/uploads\/2019\/05\/LOGO-SVG-Expand@72x.svg","width":716,"height":37,"caption":"FROM SUN WITH LOVE"},"image":{"@id":"https:\/\/fromsunwithlove.com\/en\/#\/schema\/logo\/image\/"},"sameAs":["https:\/\/www.facebook.com\/fromsunwithlove\/","https:\/\/www.instagram.com\/fromsun_withlove\/","https:\/\/www.linkedin.com\/in\/evazorzo\/","https:\/\/www.pinterest.es\/FromSunWithLove\/","https:\/\/www.youtube.com\/channel\/UCS_lI5TbbpdaQgLsf7TSzcg"]}]}},"_links":{"self":[{"href":"https:\/\/fromsunwithlove.com\/en\/wp-json\/wp\/v2\/product\/10722","targetHints":{"allow":["GET"]}}],"collection":[{"href":"https:\/\/fromsunwithlove.com\/en\/wp-json\/wp\/v2\/product"}],"about":[{"href":"https:\/\/fromsunwithlove.com\/en\/wp-json\/wp\/v2\/types\/product"}],"wp:featuredmedia":[{"embeddable":true,"href":"https:\/\/fromsunwithlove.com\/en\/wp-json\/wp\/v2\/media\/10724"}],"wp:attachment":[{"href":"https:\/\/fromsunwithlove.com\/en\/wp-json\/wp\/v2\/media?parent=10722"}],"wp:term":[{"taxonomy":"product_brand","embeddable":true,"href":"https:\/\/fromsunwithlove.com\/en\/wp-json\/wp\/v2\/product_brand?post=10722"},{"taxonomy":"product_cat","embeddable":true,"href":"https:\/\/fromsunwithlove.com\/en\/wp-json\/wp\/v2\/product_cat?post=10722"},{"taxonomy":"product_tag","embeddable":true,"href":"https:\/\/fromsunwithlove.com\/en\/wp-json\/wp\/v2\/product_tag?post=10722"}],"curies":[{"name":"wp","href":"https:\/\/api.w.org\/{rel}","templated":true}]}}